{"id":31155,"date":"2026-02-25T08:36:16","date_gmt":"2026-02-25T07:36:16","guid":{"rendered":"https:\/\/www.mayortraiteur.ch\/staging\/optional-services\/materials-and-logistics\/"},"modified":"2026-03-13T15:40:25","modified_gmt":"2026-03-13T14:40:25","slug":"materials-and-logistics","status":"publish","type":"page","link":"https:\/\/www.mayortraiteur.ch\/en\/optional-services\/materials-and-logistics\/","title":{"rendered":"MATERIALS AND LOGISTICS"},"content":{"rendered":"\n\n\t<section class=\"section\" id=\"section_343788904\">\n\t\t<div class=\"section-bg fill\" >\n\t\t\t\t\t\t\t\t\t\n\t\t\t\n\n\t\t<\/div>\n\n\t\t\n\n\t\t<div class=\"section-content relative\">\n\t\t\t\n\n<div class=\"row align-equal align-center custom-row-width-mobile\" style=\"max-width:50%\" id=\"row-66552019\">\n\n\n\t<div id=\"col-1451672143\" class=\"col small-12 large-12\"  >\n\t\t\t\t<div class=\"col-inner text-center\"  >\n\t\t\t\n\t\t\t\n\n\n  <div class=\"banner has-hover banner-custom-image\" id=\"banner-181456762\">\n          <div class=\"banner-inner fill\">\n        <div class=\"banner-bg fill\" >\n            <img loading=\"lazy\" decoding=\"async\" width=\"305\" height=\"406\" src=\"https:\/\/www.mayortraiteur.ch\/wp-content\/uploads\/2026\/02\/mayor_traiteur_materiel_logisitque.jpg\" class=\"bg attachment-original size-original\" alt=\"\" \/>                                    \n                    <\/div>\n\t\t\n        <div class=\"banner-layers container\">\n            <div class=\"fill banner-link\"><\/div>            \n\n   <div id=\"text-box-881354757\" class=\"text-box banner-layer x50 md-x50 lg-x50 y50 md-y50 lg-y50 res-text\">\n                                <div class=\"text-box-content text dark\">\n              \n              <div class=\"text-inner text-center\">\n                  \n\n\t<div id=\"text-2197837478\" class=\"text\">\n\t\t\n\n<h3 class=\"uppercase\">MATERIALS &amp;<br>LOGISTICS<br><\/h3>\n\n\t\t\n<style>\n#text-2197837478 {\n  color: rgb(255,255,255);\n}\n#text-2197837478 > * {\n  color: rgb(255,255,255);\n}\n<\/style>\n\t<\/div>\n\t\n\n              <\/div>\n           <\/div>\n                            \n<style>\n#text-box-881354757 {\n  width: 100%;\n}\n#text-box-881354757 .text-box-content {\n  font-size: 100%;\n}\n@media (min-width:550px) {\n  #text-box-881354757 {\n    width: 60%;\n  }\n}\n<\/style>\n    <\/div>\n \n\n        <\/div>\n      <\/div>\n\n            \n<style>\n#banner-181456762 {\n  padding-top: 56.25%;\n  background-color: rgb(0,0,0);\n}\n<\/style>\n  <\/div>\n\n\n\n\t\t<\/div>\n\t\t\t\t\t<\/div>\n\n\t\n\n<\/div>\n\n\t\t<\/div>\n\n\t\t\n<style>\n#section_343788904 {\n  padding-top: 30px;\n  padding-bottom: 30px;\n  background-color: rgb(0,0,0);\n}\n<\/style>\n\t<\/section>\n\t\n\n\t<section class=\"section dark\" id=\"section_1777280954\">\n\t\t<div class=\"section-bg fill\" >\n\t\t\t\t\t\t\t\t\t\n\t\t\t\n\n\t\t<\/div>\n\n\t\t\n\n\t\t<div class=\"section-content relative\">\n\t\t\t\n\n\t<div id=\"text-3768626116\" class=\"text\">\n\t\t\n\n<h2>MATERIALS &amp; LOGISTICS<\/h2>\n\t\t\n<style>\n#text-3768626116 {\n  font-size: 1.5rem;\n  text-align: center;\n}\n<\/style>\n\t<\/div>\n\t\n\t<div id=\"text-3948685248\" class=\"text\">\n\t\t\n\n<p>Optional services in Geneva and Vaud to personalize your reception.<\/p>\n\t\t\n<style>\n#text-3948685248 {\n  text-align: center;\n}\n<\/style>\n\t<\/div>\n\t\n\n\t\t<\/div>\n\n\t\t\n<style>\n#section_1777280954 {\n  padding-top: 30px;\n  padding-bottom: 30px;\n  background-color: #0d131a;\n}\n<\/style>\n\t<\/section>\n\t\n\n\t<section class=\"section\" id=\"section_1201918642\">\n\t\t<div class=\"section-bg fill\" >\n\t\t\t\t\t\t\t\t\t\n\t\t\t\n\n\t\t<\/div>\n\n\t\t\n\n\t\t<div class=\"section-content relative\">\n\t\t\t\n\n<div class=\"row row-large row-full-width\"  id=\"row-353425472\">\n\n\n\t<div id=\"col-1506699569\" class=\"col small-12 large-12\"  >\n\t\t\t\t<div class=\"col-inner\"  >\n\t\t\t\n\t\t\t\n\n\t<div id=\"text-463226146\" class=\"text text-justify-content\">\n\t\t\n\n<h3 class=\"p1\"><span style=\"color: #d00a91;\">FLUID ORGANIZATION, THOUGHT OUT DOWN TO THE SMALLEST DETAIL<\/span><\/h3>\n<p class=\"p1\">To help you make the most of your event, Mayor Traiteur takes care of all the equipment and logistics required for your reception. From delivery and set-up to table settings, crockery, glassware, tablecloths and furniture, every element is carefully anticipated and coordinated. <\/p>\n<p>We work at home or at reception venues in Geneva and throughout the canton of Vaud, with an organization tailored to your space, timing and event format.<\/p>\n\t\t\n<style>\n#text-463226146 {\n  color: rgb(255,255,255);\n}\n#text-463226146 > * {\n  color: rgb(255,255,255);\n}\n<\/style>\n\t<\/div>\n\t\n\n\t\t<\/div>\n\t\t\t\t\n<style>\n#col-1506699569 > .col-inner {\n  padding: 0px 0px 0px 0px;\n}\n@media (min-width:550px) {\n  #col-1506699569 > .col-inner {\n    padding: 0px 150px 0px 0px;\n  }\n}\n<\/style>\n\t<\/div>\n\n\t\n\n\n<style>\n#row-353425472 > .col > .col-inner {\n  padding: 0px 15px 0px 15px;\n}\n@media (min-width:550px) {\n  #row-353425472 > .col > .col-inner {\n    padding: 0px 50px 0px 50px;\n  }\n}\n<\/style>\n<\/div>\n<div class=\"row row-large row-full-width\"  id=\"row-328027483\">\n\n\n\t<div id=\"col-186506122\" class=\"col medium-4 small-12 large-4\"  >\n\t\t\t\t<div class=\"col-inner\"  >\n\t\t\t\n\t\t\t\n\n\t<div class=\"img has-hover x md-x lg-x y md-y lg-y\" id=\"image_235773666\">\n\t\t\t\t\t\t\t\t<div class=\"img-inner image-cover dark\" style=\"padding-top:75%;\">\n\t\t\t<img loading=\"lazy\" decoding=\"async\" width=\"1241\" height=\"891\" src=\"https:\/\/www.mayortraiteur.ch\/wp-content\/uploads\/2026\/02\/mayor_traiteur_logitisque.jpg\" class=\"attachment-original size-original\" alt=\"\" srcset=\"https:\/\/www.mayortraiteur.ch\/wp-content\/uploads\/2026\/02\/mayor_traiteur_logitisque.jpg 1241w, https:\/\/www.mayortraiteur.ch\/wp-content\/uploads\/2026\/02\/mayor_traiteur_logitisque-300x215.jpg 300w, https:\/\/www.mayortraiteur.ch\/wp-content\/uploads\/2026\/02\/mayor_traiteur_logitisque-1024x735.jpg 1024w, https:\/\/www.mayortraiteur.ch\/wp-content\/uploads\/2026\/02\/mayor_traiteur_logitisque-768x551.jpg 768w\" sizes=\"auto, (max-width: 1241px) 100vw, 1241px\" \/>\t\t\t\t\t\t\n\t\t\t\t\t<\/div>\n\t\t\t\t\t\t\t\t\n<style>\n#image_235773666 {\n  width: 100%;\n}\n<\/style>\n\t<\/div>\n\t\n\n\t<div id=\"text-1152335810\" class=\"text text-justify-content\">\n\t\t\n\n<h3 class=\"p1\" style=\"text-align: left;\"><span style=\"color: #d00a91;\">LOGISTICS &amp; COORDINATION<br><\/span><\/h3>\n<p class=\"p1\">Because every event requires precise organization, we take care of all the logistics associated with your reception.<\/p>\n<p class=\"p1\">Delivery, installation, equipment collection and on-site coordination are all handled by our teams, to ensure that your event runs smoothly and with complete peace of mind, both in Geneva and in the canton of Vaud.<\/p>\n\t\t\n<style>\n#text-1152335810 {\n  color: rgb(255,255,255);\n}\n#text-1152335810 > * {\n  color: rgb(255,255,255);\n}\n<\/style>\n\t<\/div>\n\t\n\n\t\t<\/div>\n\t\t\t\t\t<\/div>\n\n\t\n\n\t<div id=\"col-1764866717\" class=\"col medium-4 small-12 large-4\"  >\n\t\t\t\t<div class=\"col-inner\"  >\n\t\t\t\n\t\t\t\n\n\t<div class=\"img has-hover x md-x lg-x y md-y lg-y\" id=\"image_871666311\">\n\t\t\t\t\t\t\t\t<div class=\"img-inner image-cover dark\" style=\"padding-top:75%;\">\n\t\t\t<img loading=\"lazy\" decoding=\"async\" width=\"500\" height=\"331\" src=\"https:\/\/www.mayortraiteur.ch\/wp-content\/uploads\/2026\/02\/mayor_traiteur_personnel.png\" class=\"attachment-original size-original\" alt=\"\" srcset=\"https:\/\/www.mayortraiteur.ch\/wp-content\/uploads\/2026\/02\/mayor_traiteur_personnel.png 500w, https:\/\/www.mayortraiteur.ch\/wp-content\/uploads\/2026\/02\/mayor_traiteur_personnel-300x199.png 300w\" sizes=\"auto, (max-width: 500px) 100vw, 500px\" \/>\t\t\t\t\t\t\n\t\t\t\t\t<\/div>\n\t\t\t\t\t\t\t\t\n<style>\n#image_871666311 {\n  width: 100%;\n}\n<\/style>\n\t<\/div>\n\t\n\n\t<div id=\"text-1469879203\" class=\"text text-justify-content\">\n\t\t\n\n<h3 class=\"p1\"><span style=\"color: #d00a91;\">SERVICE PERSONNEL &amp; DEDICATED TEAMS<br><\/span><\/h3>\n<p class=\"p1\">Our service teams embody Mayor Traiteur&#8217;s exacting standards and attention to detail. Ma\u00eetres d&#8217;h\u00f4tel, chefs, cooks and waiters ensure smooth, discreet and professional service, adapted to the pace and standing of your event, day or evening. <\/p>\n<p class=\"p1\">Specific needs can also be catered for on request: receptionists, security or additional staff.<\/p>\n\t\t\n<style>\n#text-1469879203 {\n  color: rgb(255,255,255);\n}\n#text-1469879203 > * {\n  color: rgb(255,255,255);\n}\n<\/style>\n\t<\/div>\n\t\n\n\t\t<\/div>\n\t\t\t\t\t<\/div>\n\n\t\n\n\t<div id=\"col-1707748214\" class=\"col medium-4 small-12 large-4\"  >\n\t\t\t\t<div class=\"col-inner\"  >\n\t\t\t\n\t\t\t\n\n\t<div class=\"img has-hover x md-x lg-x y md-y lg-y\" id=\"image_761459341\">\n\t\t\t\t\t\t\t\t<div class=\"img-inner image-cover dark\" style=\"padding-top:75%;\">\n\t\t\t<img loading=\"lazy\" decoding=\"async\" width=\"1020\" height=\"607\" src=\"https:\/\/www.mayortraiteur.ch\/wp-content\/uploads\/2026\/02\/mayor_traiteur_mobilier-1024x609.jpg\" class=\"attachment-large size-large\" alt=\"\" srcset=\"https:\/\/www.mayortraiteur.ch\/wp-content\/uploads\/2026\/02\/mayor_traiteur_mobilier-1024x609.jpg 1024w, https:\/\/www.mayortraiteur.ch\/wp-content\/uploads\/2026\/02\/mayor_traiteur_mobilier-300x179.jpg 300w, https:\/\/www.mayortraiteur.ch\/wp-content\/uploads\/2026\/02\/mayor_traiteur_mobilier-768x457.jpg 768w, https:\/\/www.mayortraiteur.ch\/wp-content\/uploads\/2026\/02\/mayor_traiteur_mobilier.jpg 1418w\" sizes=\"auto, (max-width: 1020px) 100vw, 1020px\" \/>\t\t\t\t\t\t\n\t\t\t\t\t<\/div>\n\t\t\t\t\t\t\t\t\n<style>\n#image_761459341 {\n  width: 100%;\n}\n<\/style>\n\t<\/div>\n\t\n\n\t<div id=\"text-3545464117\" class=\"text text-justify-content\">\n\t\t\n\n<h3 class=\"p1\"><span style=\"color: #d00a91;\">FURNITURE &amp; TABLEWARE<br><\/span><\/h3>\n<p class=\"p1\">We carefully select furniture and tableware to structure your space and bring visual harmony to your reception.<\/p>\n<p class=\"p1\">Tables, textiles and finishes are designed to adapt to every configuration, while combining elegance, comfort and coherence with the world of your event.<\/p>\n\t\t\n<style>\n#text-3545464117 {\n  color: rgb(255,255,255);\n}\n#text-3545464117 > * {\n  color: rgb(255,255,255);\n}\n<\/style>\n\t<\/div>\n\t\n\n\t\t<\/div>\n\t\t\t\t\t<\/div>\n\n\t\n\n\n<style>\n#row-328027483 > .col > .col-inner {\n  padding: 0px 15px 0px 15px;\n}\n@media (min-width:550px) {\n  #row-328027483 > .col > .col-inner {\n    padding: 0px 50px 0px 50px;\n  }\n}\n<\/style>\n<\/div>\n\n\t\t<\/div>\n\n\t\t\n<style>\n#section_1201918642 {\n  padding-top: 30px;\n  padding-bottom: 30px;\n  background-color: rgb(0,0,0);\n}\n<\/style>\n\t<\/section>\n\t\n\n\t<section class=\"section dark\" id=\"section_178965792\">\n\t\t<div class=\"section-bg fill\" >\n\t\t\t\t\t\t\t\t\t\n\t\t\t\n\n\t\t<\/div>\n\n\t\t\n\n\t\t<div class=\"section-content relative\">\n\t\t\t\n\n<div class=\"row\"  id=\"row-2053398568\">\n\n\n\t<div id=\"col-1448970214\" class=\"col small-12 large-12\"  >\n\t\t\t\t<div class=\"col-inner\"  >\n\t\t\t\n\t\t\t\n\n<div class=\"is-divider divider clearfix\" style=\"max-width:100%;height:1px;\"><\/div>\n\n\t<div id=\"gap-1217786622\" class=\"gap-element clearfix\" style=\"display:block; height:auto;\">\n\t\t\n<style>\n#gap-1217786622 {\n  padding-top: 30px;\n}\n<\/style>\n\t<\/div>\n\t\n\n<div class=\"row\"  id=\"row-1245964076\">\n\n\n\t<div id=\"col-2094099897\" class=\"col small-12 large-12\"  >\n\t\t\t\t<div class=\"col-inner\"  >\n\t\t\t\n\t\t\t\n\n<h2 style=\"text-align: center;\">CONTACT US<\/h2>\n\n\t\t<\/div>\n\t\t\t\t\t<\/div>\n\n\t\n\n<\/div>\n<div class=\"row footer-contact\"  id=\"row-485892577\">\n\n\n\t<div id=\"col-2055136418\" class=\"col medium-4 small-12 large-4\"  >\n\t\t\t\t<div class=\"col-inner\"  >\n\t\t\t\n\t\t\t\n\n\t<div class=\"img has-hover x md-x lg-x y md-y lg-y\" id=\"image_787012253\">\n\t\t\t\t\t\t\t\t<div class=\"img-inner dark\" >\n\t\t\t<img loading=\"lazy\" decoding=\"async\" width=\"142\" height=\"142\" src=\"https:\/\/www.mayortraiteur.ch\/wp-content\/uploads\/2019\/05\/phone@2x.png\" class=\"attachment-original size-original\" alt=\"phone\" \/>\t\t\t\t\t\t\n\t\t\t\t\t<\/div>\n\t\t\t\t\t\t\t\t\n<style>\n#image_787012253 {\n  width: 100%;\n}\n<\/style>\n\t<\/div>\n\t\n\n\t<div id=\"text-936837643\" class=\"text\">\n\t\t\n\n<h3>By phone<\/h3>\n<p style=\"text-align: center;\">Mob: +41 79 213 94 61<br>Tel: +41 22 328 10 82<\/p>\n\n\t\t\n<style>\n#text-936837643 {\n  text-align: center;\n}\n<\/style>\n\t<\/div>\n\t\n\n\t\t<\/div>\n\t\t\t\t\t<\/div>\n\n\t\n\n\t<div id=\"col-1887315777\" class=\"col medium-4 small-12 large-4\"  >\n\t\t\t\t<div class=\"col-inner\"  >\n\t\t\t\n\t\t\t\n\n\t<div class=\"img has-hover x md-x lg-x y md-y lg-y\" id=\"image_99953184\">\n\t\t\t\t\t\t\t\t<div class=\"img-inner dark\" >\n\t\t\t<img loading=\"lazy\" decoding=\"async\" width=\"140\" height=\"140\" src=\"https:\/\/www.mayortraiteur.ch\/wp-content\/uploads\/2019\/05\/email@2x.png\" class=\"attachment-original size-original\" alt=\"email\" \/>\t\t\t\t\t\t\n\t\t\t\t\t<\/div>\n\t\t\t\t\t\t\t\t\n<style>\n#image_99953184 {\n  width: 50%;\n}\n<\/style>\n\t<\/div>\n\t\n\n\t<div id=\"text-1874078344\" class=\"text\">\n\t\t\n\n<h3>By e-mail<\/h3>\n<p><a href=\"mailto:contact@mayortraiteur.ch\">contact@mayortraiteur.ch<br><\/a><\/p>\n\t\t\n<style>\n#text-1874078344 {\n  text-align: center;\n}\n<\/style>\n\t<\/div>\n\t\n\n\t\t<\/div>\n\t\t\t\t\t<\/div>\n\n\t\n\n\t<div id=\"col-664968441\" class=\"col medium-4 small-12 large-4\"  >\n\t\t\t\t<div class=\"col-inner\"  >\n\t\t\t\n\t\t\t\n\n\t<div class=\"img has-hover x md-x lg-x y md-y lg-y\" id=\"image_1886897420\">\n\t\t<a class=\"\" href=\"https:\/\/www.google.com\/maps\/place\/Mayor+Traiteur\/@46.1952592,6.1352694,17z\/data=!3m1!4b1!4m5!3m4!1s0x478c7b2a5c028e6b:0xd8520a804bc4a2d8!8m2!3d46.1952555!4d6.1374581\" target=\"_blank\" rel=\"noopener\" >\t\t\t\t\t\t<div class=\"img-inner dark\" >\n\t\t\t<img loading=\"lazy\" decoding=\"async\" width=\"140\" height=\"138\" src=\"https:\/\/www.mayortraiteur.ch\/wp-content\/uploads\/2019\/05\/address@2x.png\" class=\"attachment-original size-original\" alt=\"address\" \/>\t\t\t\t\t\t\n\t\t\t\t\t<\/div>\n\t\t\t\t\t\t<\/a>\t\t\n<style>\n#image_1886897420 {\n  width: 50%;\n}\n<\/style>\n\t<\/div>\n\t\n\n<h3>Chez nous<\/h3>\n<p style=\"text-align: center;\">Passage Daniel Baud-Bovy, 14<br>CH-1205 Geneva<\/p>\n<p> <\/p>\n\n\t\t<\/div>\n\t\t\t\t\t<\/div>\n\n\t\n\n<\/div>\n\n\n\t\t<\/div>\n\t\t\t\t\t<\/div>\n\n\t\n\n<\/div>\n\n\t\t<\/div>\n\n\t\t\n<style>\n#section_178965792 {\n  padding-top: 30px;\n  padding-bottom: 30px;\n  background-color: rgb(12, 19, 27);\n}\n<\/style>\n\t<\/section>\n\t\n\n","protected":false},"excerpt":{"rendered":"","protected":false},"author":4,"featured_media":0,"parent":31150,"menu_order":0,"comment_status":"closed","ping_status":"closed","template":"page-blank.php","meta":{"footnotes":""},"class_list":["post-31155","page","type-page","status-publish","hentry"],"yoast_head":"<!-- This site is optimized with the Yoast SEO plugin v27.3 - https:\/\/yoast.com\/product\/yoast-seo-wordpress\/ -->\n<title>MATERIALS AND LOGISTICS - Mayor Traiteur<\/title>\n<meta name=\"description\" content=\"MATERIALS AND LOGISTICS - De la conception \u00e0 la r\u00e9alisation, \u00e0 votre \u00e9coute en proposant une cuisine authentique, gourmande, respectueuse des produits, s\u00e9lectionn\u00e9s localement.\" \/>\n<meta name=\"robots\" content=\"index, follow, max-snippet:-1, max-image-preview:large, max-video-preview:-1\" \/>\n<link rel=\"canonical\" href=\"https:\/\/www.mayortraiteur.ch\/staging\/servicesoptionnels\/materiel-et-logistique\/\" \/>\n<meta property=\"og:locale\" content=\"en_US\" \/>\n<meta property=\"og:type\" content=\"article\" \/>\n<meta property=\"og:title\" content=\"MATERIALS AND LOGISTICS - Mayor Traiteur\" \/>\n<meta property=\"og:description\" content=\"MATERIALS AND LOGISTICS - De la conception \u00e0 la r\u00e9alisation, \u00e0 votre \u00e9coute en proposant une cuisine authentique, gourmande, respectueuse des produits, s\u00e9lectionn\u00e9s localement.\" \/>\n<meta property=\"og:url\" content=\"https:\/\/www.mayortraiteur.ch\/staging\/servicesoptionnels\/materiel-et-logistique\/\" \/>\n<meta property=\"og:site_name\" content=\"Mayor Traiteur\" \/>\n<meta property=\"article:publisher\" content=\"https:\/\/www.facebook.com\/mayortraiteur.ch\/\" \/>\n<meta property=\"article:modified_time\" content=\"2026-03-13T14:40:25+00:00\" \/>\n<meta property=\"og:image\" content=\"https:\/\/www.mayortraiteur.ch\/wp-content\/uploads\/2026\/03\/katerinakubatina250500431-scaled.jpg\" \/>\n\t<meta property=\"og:image:width\" content=\"2560\" \/>\n\t<meta property=\"og:image:height\" content=\"1709\" \/>\n\t<meta property=\"og:image:type\" content=\"image\/jpeg\" \/>\n<meta name=\"twitter:card\" content=\"summary_large_image\" \/>\n<script type=\"application\/ld+json\" class=\"yoast-schema-graph\">{\"@context\":\"https:\\\/\\\/schema.org\",\"@graph\":[{\"@type\":\"WebPage\",\"@id\":\"https:\\\/\\\/www.mayortraiteur.ch\\\/staging\\\/servicesoptionnels\\\/materiel-et-logistique\\\/\",\"url\":\"https:\\\/\\\/www.mayortraiteur.ch\\\/staging\\\/servicesoptionnels\\\/materiel-et-logistique\\\/\",\"name\":\"MATERIALS AND LOGISTICS - Mayor Traiteur\",\"isPartOf\":{\"@id\":\"https:\\\/\\\/www.mayortraiteur.ch\\\/#website\"},\"datePublished\":\"2026-02-25T07:36:16+00:00\",\"dateModified\":\"2026-03-13T14:40:25+00:00\",\"description\":\"MATERIALS AND LOGISTICS - De la conception \u00e0 la r\u00e9alisation, \u00e0 votre \u00e9coute en proposant une cuisine authentique, gourmande, respectueuse des produits, s\u00e9lectionn\u00e9s localement.\",\"breadcrumb\":{\"@id\":\"https:\\\/\\\/www.mayortraiteur.ch\\\/staging\\\/servicesoptionnels\\\/materiel-et-logistique\\\/#breadcrumb\"},\"inLanguage\":\"en-US\",\"potentialAction\":[{\"@type\":\"ReadAction\",\"target\":[\"https:\\\/\\\/www.mayortraiteur.ch\\\/staging\\\/servicesoptionnels\\\/materiel-et-logistique\\\/\"]}]},{\"@type\":\"BreadcrumbList\",\"@id\":\"https:\\\/\\\/www.mayortraiteur.ch\\\/staging\\\/servicesoptionnels\\\/materiel-et-logistique\\\/#breadcrumb\",\"itemListElement\":[{\"@type\":\"ListItem\",\"position\":1,\"name\":\"Accueil\",\"item\":\"https:\\\/\\\/www.mayortraiteur.ch\\\/staging\\\/\"},{\"@type\":\"ListItem\",\"position\":2,\"name\":\"OPTIONAL SERVICES\",\"item\":\"https:\\\/\\\/www.mayortraiteur.ch\\\/staging\\\/servicesoptionnels\\\/\"},{\"@type\":\"ListItem\",\"position\":3,\"name\":\"MATERIALS AND LOGISTICS\"}]},{\"@type\":\"WebSite\",\"@id\":\"https:\\\/\\\/www.mayortraiteur.ch\\\/#website\",\"url\":\"https:\\\/\\\/www.mayortraiteur.ch\\\/\",\"name\":\"Mayor Traiteur\",\"description\":\"Food &amp; Design\",\"publisher\":{\"@id\":\"https:\\\/\\\/www.mayortraiteur.ch\\\/#organization\"},\"potentialAction\":[{\"@type\":\"SearchAction\",\"target\":{\"@type\":\"EntryPoint\",\"urlTemplate\":\"https:\\\/\\\/www.mayortraiteur.ch\\\/?s={search_term_string}\"},\"query-input\":{\"@type\":\"PropertyValueSpecification\",\"valueRequired\":true,\"valueName\":\"search_term_string\"}}],\"inLanguage\":\"en-US\"},{\"@type\":\"Organization\",\"@id\":\"https:\\\/\\\/www.mayortraiteur.ch\\\/#organization\",\"name\":\"Mayor Traiteur\",\"url\":\"https:\\\/\\\/www.mayortraiteur.ch\\\/\",\"logo\":{\"@type\":\"ImageObject\",\"inLanguage\":\"en-US\",\"@id\":\"https:\\\/\\\/www.mayortraiteur.ch\\\/#\\\/schema\\\/logo\\\/image\\\/\",\"url\":\"https:\\\/\\\/www.mayortraiteur.ch\\\/wp-content\\\/uploads\\\/2019\\\/05\\\/logo.png\",\"contentUrl\":\"https:\\\/\\\/www.mayortraiteur.ch\\\/wp-content\\\/uploads\\\/2019\\\/05\\\/logo.png\",\"width\":123,\"height\":100,\"caption\":\"Mayor Traiteur\"},\"image\":{\"@id\":\"https:\\\/\\\/www.mayortraiteur.ch\\\/#\\\/schema\\\/logo\\\/image\\\/\"},\"sameAs\":[\"https:\\\/\\\/www.facebook.com\\\/mayortraiteur.ch\\\/\"]}]}<\/script>\n<!-- \/ Yoast SEO plugin. -->","yoast_head_json":{"title":"MATERIALS AND LOGISTICS - Mayor Traiteur","description":"MATERIALS AND LOGISTICS - De la conception \u00e0 la r\u00e9alisation, \u00e0 votre \u00e9coute en proposant une cuisine authentique, gourmande, respectueuse des produits, s\u00e9lectionn\u00e9s localement.","robots":{"index":"index","follow":"follow","max-snippet":"max-snippet:-1","max-image-preview":"max-image-preview:large","max-video-preview":"max-video-preview:-1"},"canonical":"https:\/\/www.mayortraiteur.ch\/staging\/servicesoptionnels\/materiel-et-logistique\/","og_locale":"en_US","og_type":"article","og_title":"MATERIALS AND LOGISTICS - Mayor Traiteur","og_description":"MATERIALS AND LOGISTICS - De la conception \u00e0 la r\u00e9alisation, \u00e0 votre \u00e9coute en proposant une cuisine authentique, gourmande, respectueuse des produits, s\u00e9lectionn\u00e9s localement.","og_url":"https:\/\/www.mayortraiteur.ch\/staging\/servicesoptionnels\/materiel-et-logistique\/","og_site_name":"Mayor Traiteur","article_publisher":"https:\/\/www.facebook.com\/mayortraiteur.ch\/","article_modified_time":"2026-03-13T14:40:25+00:00","og_image":[{"width":2560,"height":1709,"url":"https:\/\/www.mayortraiteur.ch\/wp-content\/uploads\/2026\/03\/katerinakubatina250500431-scaled.jpg","type":"image\/jpeg"}],"twitter_card":"summary_large_image","schema":{"@context":"https:\/\/schema.org","@graph":[{"@type":"WebPage","@id":"https:\/\/www.mayortraiteur.ch\/staging\/servicesoptionnels\/materiel-et-logistique\/","url":"https:\/\/www.mayortraiteur.ch\/staging\/servicesoptionnels\/materiel-et-logistique\/","name":"MATERIALS AND LOGISTICS - Mayor Traiteur","isPartOf":{"@id":"https:\/\/www.mayortraiteur.ch\/#website"},"datePublished":"2026-02-25T07:36:16+00:00","dateModified":"2026-03-13T14:40:25+00:00","description":"MATERIALS AND LOGISTICS - De la conception \u00e0 la r\u00e9alisation, \u00e0 votre \u00e9coute en proposant une cuisine authentique, gourmande, respectueuse des produits, s\u00e9lectionn\u00e9s localement.","breadcrumb":{"@id":"https:\/\/www.mayortraiteur.ch\/staging\/servicesoptionnels\/materiel-et-logistique\/#breadcrumb"},"inLanguage":"en-US","potentialAction":[{"@type":"ReadAction","target":["https:\/\/www.mayortraiteur.ch\/staging\/servicesoptionnels\/materiel-et-logistique\/"]}]},{"@type":"BreadcrumbList","@id":"https:\/\/www.mayortraiteur.ch\/staging\/servicesoptionnels\/materiel-et-logistique\/#breadcrumb","itemListElement":[{"@type":"ListItem","position":1,"name":"Accueil","item":"https:\/\/www.mayortraiteur.ch\/staging\/"},{"@type":"ListItem","position":2,"name":"OPTIONAL SERVICES","item":"https:\/\/www.mayortraiteur.ch\/staging\/servicesoptionnels\/"},{"@type":"ListItem","position":3,"name":"MATERIALS AND LOGISTICS"}]},{"@type":"WebSite","@id":"https:\/\/www.mayortraiteur.ch\/#website","url":"https:\/\/www.mayortraiteur.ch\/","name":"Mayor Traiteur","description":"Food &amp; Design","publisher":{"@id":"https:\/\/www.mayortraiteur.ch\/#organization"},"potentialAction":[{"@type":"SearchAction","target":{"@type":"EntryPoint","urlTemplate":"https:\/\/www.mayortraiteur.ch\/?s={search_term_string}"},"query-input":{"@type":"PropertyValueSpecification","valueRequired":true,"valueName":"search_term_string"}}],"inLanguage":"en-US"},{"@type":"Organization","@id":"https:\/\/www.mayortraiteur.ch\/#organization","name":"Mayor Traiteur","url":"https:\/\/www.mayortraiteur.ch\/","logo":{"@type":"ImageObject","inLanguage":"en-US","@id":"https:\/\/www.mayortraiteur.ch\/#\/schema\/logo\/image\/","url":"https:\/\/www.mayortraiteur.ch\/wp-content\/uploads\/2019\/05\/logo.png","contentUrl":"https:\/\/www.mayortraiteur.ch\/wp-content\/uploads\/2019\/05\/logo.png","width":123,"height":100,"caption":"Mayor Traiteur"},"image":{"@id":"https:\/\/www.mayortraiteur.ch\/#\/schema\/logo\/image\/"},"sameAs":["https:\/\/www.facebook.com\/mayortraiteur.ch\/"]}]}},"_links":{"self":[{"href":"https:\/\/www.mayortraiteur.ch\/en\/wp-json\/wp\/v2\/pages\/31155","targetHints":{"allow":["GET"]}}],"collection":[{"href":"https:\/\/www.mayortraiteur.ch\/en\/wp-json\/wp\/v2\/pages"}],"about":[{"href":"https:\/\/www.mayortraiteur.ch\/en\/wp-json\/wp\/v2\/types\/page"}],"author":[{"embeddable":true,"href":"https:\/\/www.mayortraiteur.ch\/en\/wp-json\/wp\/v2\/users\/4"}],"replies":[{"embeddable":true,"href":"https:\/\/www.mayortraiteur.ch\/en\/wp-json\/wp\/v2\/comments?post=31155"}],"version-history":[{"count":3,"href":"https:\/\/www.mayortraiteur.ch\/en\/wp-json\/wp\/v2\/pages\/31155\/revisions"}],"predecessor-version":[{"id":31303,"href":"https:\/\/www.mayortraiteur.ch\/en\/wp-json\/wp\/v2\/pages\/31155\/revisions\/31303"}],"up":[{"embeddable":true,"href":"https:\/\/www.mayortraiteur.ch\/en\/wp-json\/wp\/v2\/pages\/31150"}],"wp:attachment":[{"href":"https:\/\/www.mayortraiteur.ch\/en\/wp-json\/wp\/v2\/media?parent=31155"}],"curies":[{"name":"wp","href":"https:\/\/api.w.org\/{rel}","templated":true}]}}