{"id":31160,"date":"2026-02-25T08:45:32","date_gmt":"2026-02-25T07:45:32","guid":{"rendered":"https:\/\/www.mayortraiteur.ch\/staging\/optional-services\/decoration-and-entertainment\/"},"modified":"2026-03-13T15:46:10","modified_gmt":"2026-03-13T14:46:10","slug":"decoration-and-entertainment","status":"publish","type":"page","link":"https:\/\/www.mayortraiteur.ch\/en\/optional-services\/decoration-and-entertainment\/","title":{"rendered":"DECORATION AND ENTERTAINMENT"},"content":{"rendered":"\n\n\t<section class=\"section\" id=\"section_649642052\">\n\t\t<div class=\"section-bg fill\" >\n\t\t\t\t\t\t\t\t\t\n\t\t\t\n\n\t\t<\/div>\n\n\t\t\n\n\t\t<div class=\"section-content relative\">\n\t\t\t\n\n<div class=\"row align-equal align-center custom-row-width-mobile\" style=\"max-width:50%\" id=\"row-136256512\">\n\n\n\t<div id=\"col-913324802\" class=\"col small-12 large-12\"  >\n\t\t\t\t<div class=\"col-inner text-center\"  >\n\t\t\t\n\t\t\t\n\n\n  <div class=\"banner has-hover banner-custom-image\" id=\"banner-1921375252\">\n          <div class=\"banner-inner fill\">\n        <div class=\"banner-bg fill\" >\n            <img loading=\"lazy\" decoding=\"async\" width=\"1200\" height=\"1600\" src=\"https:\/\/www.mayortraiteur.ch\/wp-content\/uploads\/2026\/02\/mayor_traiteur_animation_decoration.jpeg\" class=\"bg attachment-original size-original\" alt=\"\" \/>                        <div class=\"overlay\"><\/div>            \n                    <\/div>\n\t\t\n        <div class=\"banner-layers container\">\n            <div class=\"fill banner-link\"><\/div>            \n\n   <div id=\"text-box-254726628\" class=\"text-box banner-layer x50 md-x50 lg-x50 y50 md-y50 lg-y50 res-text\">\n                                <div class=\"text-box-content text dark\">\n              \n              <div class=\"text-inner text-center\">\n                  \n\n\t<div id=\"text-2919489673\" class=\"text\">\n\t\t\n\n<h3 class=\"uppercase v2\">DECORATION<br>AND ENTERTAINMENT<br><\/h3>\n\t\t\n<style>\n#text-2919489673 {\n  text-align: center;\n  color: rgb(255,255,255);\n}\n#text-2919489673 > * {\n  color: rgb(255,255,255);\n}\n@media (min-width:550px) {\n  #text-2919489673 {\n    text-align: left;\n  }\n}\n<\/style>\n\t<\/div>\n\t\n\n              <\/div>\n           <\/div>\n                            \n<style>\n#text-box-254726628 {\n  width: 100%;\n}\n#text-box-254726628 .text-box-content {\n  font-size: 100%;\n}\n@media (min-width:550px) {\n  #text-box-254726628 {\n    width: 28%;\n  }\n}\n<\/style>\n    <\/div>\n \n\n        <\/div>\n      <\/div>\n\n            \n<style>\n#banner-1921375252 {\n  padding-top: 56.25%;\n  background-color: rgb(0,0,0);\n}\n#banner-1921375252 .overlay {\n  background-color: rgba(0,0,0,.5);\n}\n<\/style>\n  <\/div>\n\n\n\n\t\t<\/div>\n\t\t\t\t\t<\/div>\n\n\t\n\n<\/div>\n\n\t\t<\/div>\n\n\t\t\n<style>\n#section_649642052 {\n  padding-top: 30px;\n  padding-bottom: 30px;\n  background-color: rgb(0,0,0);\n}\n<\/style>\n\t<\/section>\n\t\n\n\t<section class=\"section custom-pdbottom-zero dark\" id=\"section_1558065128\">\n\t\t<div class=\"section-bg fill\" >\n\t\t\t\t\t\t\t\t\t\n\t\t\t\n\n\t\t<\/div>\n\n\t\t\n\n\t\t<div class=\"section-content relative\">\n\t\t\t\n\n\t<div id=\"text-2707829870\" class=\"text\">\n\t\t\n\n<h2>DECORATION &amp; ENTERTAINMENT<\/h2>\n\t\t\n<style>\n#text-2707829870 {\n  font-size: 1.5rem;\n  text-align: center;\n}\n<\/style>\n\t<\/div>\n\t\n\t<div id=\"text-3578335822\" class=\"text\">\n\t\t\n\n<p>Decoration, atmosphere and entertainment for unique events in Geneva and the canton of Vaud.\n<\/p>\n\t\t\n<style>\n#text-3578335822 {\n  text-align: center;\n}\n<\/style>\n\t<\/div>\n\t\n\n\t\t<\/div>\n\n\t\t\n<style>\n#section_1558065128 {\n  padding-top: 30px;\n  padding-bottom: 30px;\n  background-color: #0d131a;\n}\n<\/style>\n\t<\/section>\n\t\n\n\t<section class=\"section\" id=\"section_380142302\">\n\t\t<div class=\"section-bg fill\" >\n\t\t\t\t\t\t\t\t\t\n\t\t\t\n\n\t\t<\/div>\n\n\t\t\n\n\t\t<div class=\"section-content relative\">\n\t\t\t\n\n<div class=\"row row-large row-full-width\"  id=\"row-877446779\">\n\n\n\t<div id=\"col-1103157863\" class=\"col small-12 large-12\"  >\n\t\t\t\t<div class=\"col-inner\"  >\n\t\t\t\n\t\t\t\n\n\t<div id=\"text-2120410191\" class=\"text\">\n\t\t\n\n<h3 class=\"p1\"><span style=\"color: #d00a91;\">CREATE A MOOD THAT SETS THE TONE<br><\/span><\/h3>\n<p class=\"p1\">Decoration and entertainment play a key role in the atmosphere of an event. Tableware, floral decorations, lighting and scenography all contribute to creating a warm, coherent setting in keeping with your celebration. <\/p>\n<p class=\"p1\">We also offer a range of entertainment to suit your reception: DJs, musicians, culinary entertainment or theme bars. Each proposal is designed to extend the experience and accompany the highlights of your event in Geneva and the canton of Vaud. <\/p>\n\t\t\n<style>\n#text-2120410191 {\n  color: rgb(255,255,255);\n}\n#text-2120410191 > * {\n  color: rgb(255,255,255);\n}\n<\/style>\n\t<\/div>\n\t\n\n\t\t<\/div>\n\t\t\t\t\n<style>\n#col-1103157863 > .col-inner {\n  padding: 0px 150px 0px 0px;\n}\n<\/style>\n\t<\/div>\n\n\t\n\n\n<style>\n#row-877446779 > .col > .col-inner {\n  padding: 0px 15px 0px 15px;\n}\n@media (min-width:550px) {\n  #row-877446779 > .col > .col-inner {\n    padding: 0px 50px 0px 50px;\n  }\n}\n<\/style>\n<\/div>\n<div class=\"row row-large row-full-width\"  id=\"row-123478465\">\n\n\n\t<div id=\"col-104937771\" class=\"col medium-4 small-12 large-4\"  >\n\t\t\t\t<div class=\"col-inner\"  >\n\t\t\t\n\t\t\t\n\n\t<div class=\"img has-hover x md-x lg-x y md-y lg-y\" id=\"image_981874732\">\n\t\t\t\t\t\t\t\t<div class=\"img-inner image-cover dark\" style=\"padding-top:75%;\">\n\t\t\t<img loading=\"lazy\" decoding=\"async\" width=\"1849\" height=\"2560\" src=\"https:\/\/www.mayortraiteur.ch\/wp-content\/uploads\/2026\/02\/mayor_traiteur_art_de_la_table-scaled.jpeg\" class=\"attachment-original size-original\" alt=\"\" srcset=\"https:\/\/www.mayortraiteur.ch\/wp-content\/uploads\/2026\/02\/mayor_traiteur_art_de_la_table-scaled.jpeg 1849w, https:\/\/www.mayortraiteur.ch\/wp-content\/uploads\/2026\/02\/mayor_traiteur_art_de_la_table-217x300.jpeg 217w, https:\/\/www.mayortraiteur.ch\/wp-content\/uploads\/2026\/02\/mayor_traiteur_art_de_la_table-740x1024.jpeg 740w, https:\/\/www.mayortraiteur.ch\/wp-content\/uploads\/2026\/02\/mayor_traiteur_art_de_la_table-768x1063.jpeg 768w, https:\/\/www.mayortraiteur.ch\/wp-content\/uploads\/2026\/02\/mayor_traiteur_art_de_la_table-1109x1536.jpeg 1109w, https:\/\/www.mayortraiteur.ch\/wp-content\/uploads\/2026\/02\/mayor_traiteur_art_de_la_table-1479x2048.jpeg 1479w\" sizes=\"auto, (max-width: 1849px) 100vw, 1849px\" \/>\t\t\t\t\t\t\n\t\t\t\t\t<\/div>\n\t\t\t\t\t\t\t\t\n<style>\n#image_981874732 {\n  width: 100%;\n}\n<\/style>\n\t<\/div>\n\t\n\n\t<div id=\"text-3241232506\" class=\"text text-justify-content\">\n\t\t\n\n<h3 class=\"p1\"><span style=\"color: #d00a91;\">EQUIPMENT &amp; TABLEWARE<br><\/span><\/h3>\n<p class=\"p1\">We provide you with carefully selected event equipment to suit every type of reception. Glassware, crockery, cutlery, barware and kitchen equipment are designed to combine aesthetics, comfort and functionality, while blending harmoniously into your event. <\/p>\n\t\t\n<style>\n#text-3241232506 {\n  color: rgb(255,255,255);\n}\n#text-3241232506 > * {\n  color: rgb(255,255,255);\n}\n<\/style>\n\t<\/div>\n\t\n\n\t\t<\/div>\n\t\t\t\t\n<style>\n#col-104937771 > .col-inner {\n  padding: 0px 0px 0px 0px;\n}\n<\/style>\n\t<\/div>\n\n\t\n\n\t<div id=\"col-407830243\" class=\"col medium-4 small-12 large-4\"  >\n\t\t\t\t<div class=\"col-inner\"  >\n\t\t\t\n\t\t\t\n\n\t<div class=\"img has-hover x md-x lg-x y md-y lg-y\" id=\"image_112591312\">\n\t\t\t\t\t\t\t\t<div class=\"img-inner image-cover dark\" style=\"padding-top:75%;\">\n\t\t\t<img loading=\"lazy\" decoding=\"async\" width=\"2560\" height=\"1920\" src=\"https:\/\/www.mayortraiteur.ch\/wp-content\/uploads\/2026\/02\/mayor_traiteur_animation-scaled.jpg\" class=\"attachment-original size-original\" alt=\"\" srcset=\"https:\/\/www.mayortraiteur.ch\/wp-content\/uploads\/2026\/02\/mayor_traiteur_animation-scaled.jpg 2560w, https:\/\/www.mayortraiteur.ch\/wp-content\/uploads\/2026\/02\/mayor_traiteur_animation-300x225.jpg 300w, https:\/\/www.mayortraiteur.ch\/wp-content\/uploads\/2026\/02\/mayor_traiteur_animation-1024x768.jpg 1024w, https:\/\/www.mayortraiteur.ch\/wp-content\/uploads\/2026\/02\/mayor_traiteur_animation-768x576.jpg 768w, https:\/\/www.mayortraiteur.ch\/wp-content\/uploads\/2026\/02\/mayor_traiteur_animation-1536x1152.jpg 1536w, https:\/\/www.mayortraiteur.ch\/wp-content\/uploads\/2026\/02\/mayor_traiteur_animation-2048x1536.jpg 2048w\" sizes=\"auto, (max-width: 2560px) 100vw, 2560px\" \/>\t\t\t\t\t\t\n\t\t\t\t\t<\/div>\n\t\t\t\t\t\t\t\t\n<style>\n#image_112591312 {\n  width: 100%;\n}\n<\/style>\n\t<\/div>\n\t\n\n\t<div id=\"text-995229847\" class=\"text text-justify-content\">\n\t\t\n\n<h3 class=\"p1\"><span style=\"color: #d00a91;\">ANIMATION<br><\/span><\/h3>\n<p class=\"p1\">To enrich your guests&#8217; experience, we can help you create the right entertainment for your event. Performers, DJs, mentalists or customized entertainment will complete your reception and create a unique atmosphere, in perfect harmony with the spirit and rhythm of your event. <\/p>\n\t\t\n<style>\n#text-995229847 {\n  color: rgb(255,255,255);\n}\n#text-995229847 > * {\n  color: rgb(255,255,255);\n}\n<\/style>\n\t<\/div>\n\t\n\n\t\t<\/div>\n\t\t\t\t\t<\/div>\n\n\t\n\n\t<div id=\"col-315198096\" class=\"col medium-4 small-12 large-4\"  >\n\t\t\t\t<div class=\"col-inner\"  >\n\t\t\t\n\t\t\t\n\n\t<div class=\"img has-hover x md-x lg-x y md-y lg-y\" id=\"image_576380637\">\n\t\t\t\t\t\t\t\t<div class=\"img-inner image-cover dark\" style=\"padding-top:75%;\">\n\t\t\t<img loading=\"lazy\" decoding=\"async\" width=\"768\" height=\"1024\" src=\"https:\/\/www.mayortraiteur.ch\/wp-content\/uploads\/2026\/02\/mayor_traiteur_decoration-768x1024.jpeg\" class=\"attachment-large size-large\" alt=\"\" srcset=\"https:\/\/www.mayortraiteur.ch\/wp-content\/uploads\/2026\/02\/mayor_traiteur_decoration-768x1024.jpeg 768w, https:\/\/www.mayortraiteur.ch\/wp-content\/uploads\/2026\/02\/mayor_traiteur_decoration-225x300.jpeg 225w, https:\/\/www.mayortraiteur.ch\/wp-content\/uploads\/2026\/02\/mayor_traiteur_decoration-1152x1536.jpeg 1152w, https:\/\/www.mayortraiteur.ch\/wp-content\/uploads\/2026\/02\/mayor_traiteur_decoration-1536x2048.jpeg 1536w, https:\/\/www.mayortraiteur.ch\/wp-content\/uploads\/2026\/02\/mayor_traiteur_decoration-scaled.jpeg 1920w\" sizes=\"auto, (max-width: 768px) 100vw, 768px\" \/>\t\t\t\t\t\t\n\t\t\t\t\t<\/div>\n\t\t\t\t\t\t\t\t\n<style>\n#image_576380637 {\n  width: 100%;\n}\n<\/style>\n\t<\/div>\n\t\n\n\t<div id=\"text-3232797819\" class=\"text text-justify-content\">\n\t\t\n\n<h3 class=\"p1\"><span style=\"color: #d00a91;\">DECORATION<br><\/span><\/h3>\n<p class=\"p1\">To sublimate your reception, we design a d\u00e9cor in keeping with the spirit of your event and the venue. Floral compositions and atmospheric settings are thought out in minute detail to create an elegant, warm setting that reflects your image. <\/p>\n\t\t\n<style>\n#text-3232797819 {\n  color: rgb(255,255,255);\n}\n#text-3232797819 > * {\n  color: rgb(255,255,255);\n}\n<\/style>\n\t<\/div>\n\t\n\n\t\t<\/div>\n\t\t\t\t\t<\/div>\n\n\t\n\n\n<style>\n#row-123478465 > .col > .col-inner {\n  padding: 0px 15px 0px 15px;\n}\n@media (min-width:550px) {\n  #row-123478465 > .col > .col-inner {\n    padding: 0px 50px 0px 50px;\n  }\n}\n<\/style>\n<\/div>\n\n\t\t<\/div>\n\n\t\t\n<style>\n#section_380142302 {\n  padding-top: 30px;\n  padding-bottom: 30px;\n  background-color: rgb(0,0,0);\n}\n<\/style>\n\t<\/section>\n\t\n\n\t<section class=\"section dark\" id=\"section_259113846\">\n\t\t<div class=\"section-bg fill\" >\n\t\t\t\t\t\t\t\t\t\n\t\t\t\n\n\t\t<\/div>\n\n\t\t\n\n\t\t<div class=\"section-content relative\">\n\t\t\t\n\n<div class=\"row\"  id=\"row-1477867277\">\n\n\n\t<div id=\"col-572601797\" class=\"col small-12 large-12\"  >\n\t\t\t\t<div class=\"col-inner\"  >\n\t\t\t\n\t\t\t\n\n<div class=\"is-divider divider clearfix\" style=\"max-width:100%;height:1px;\"><\/div>\n\n\t<div id=\"gap-446526897\" class=\"gap-element clearfix\" style=\"display:block; height:auto;\">\n\t\t\n<style>\n#gap-446526897 {\n  padding-top: 30px;\n}\n<\/style>\n\t<\/div>\n\t\n\n<div class=\"row\"  id=\"row-452128121\">\n\n\n\t<div id=\"col-1026187765\" class=\"col small-12 large-12\"  >\n\t\t\t\t<div class=\"col-inner\"  >\n\t\t\t\n\t\t\t\n\n<h2 style=\"text-align: center;\">CONTACT US<\/h2>\n\n\t\t<\/div>\n\t\t\t\t\t<\/div>\n\n\t\n\n<\/div>\n<div class=\"row footer-contact\"  id=\"row-854249493\">\n\n\n\t<div id=\"col-1837159176\" class=\"col medium-4 small-12 large-4\"  >\n\t\t\t\t<div class=\"col-inner\"  >\n\t\t\t\n\t\t\t\n\n\t<div class=\"img has-hover x md-x lg-x y md-y lg-y\" id=\"image_381298060\">\n\t\t\t\t\t\t\t\t<div class=\"img-inner dark\" >\n\t\t\t<img loading=\"lazy\" decoding=\"async\" width=\"142\" height=\"142\" src=\"https:\/\/www.mayortraiteur.ch\/wp-content\/uploads\/2019\/05\/phone@2x.png\" class=\"attachment-original size-original\" alt=\"phone\" \/>\t\t\t\t\t\t\n\t\t\t\t\t<\/div>\n\t\t\t\t\t\t\t\t\n<style>\n#image_381298060 {\n  width: 100%;\n}\n<\/style>\n\t<\/div>\n\t\n\n\t<div id=\"text-3502456456\" class=\"text\">\n\t\t\n\n<h3>By phone<\/h3>\n<p style=\"text-align: center;\">Mob: +41 79 213 94 61<br>Tel: +41 22 328 10 82<\/p>\n\n\t\t\n<style>\n#text-3502456456 {\n  text-align: center;\n}\n<\/style>\n\t<\/div>\n\t\n\n\t\t<\/div>\n\t\t\t\t\t<\/div>\n\n\t\n\n\t<div id=\"col-780678342\" class=\"col medium-4 small-12 large-4\"  >\n\t\t\t\t<div class=\"col-inner\"  >\n\t\t\t\n\t\t\t\n\n\t<div class=\"img has-hover x md-x lg-x y md-y lg-y\" id=\"image_1332208484\">\n\t\t\t\t\t\t\t\t<div class=\"img-inner dark\" >\n\t\t\t<img loading=\"lazy\" decoding=\"async\" width=\"140\" height=\"140\" src=\"https:\/\/www.mayortraiteur.ch\/wp-content\/uploads\/2019\/05\/email@2x.png\" class=\"attachment-original size-original\" alt=\"email\" \/>\t\t\t\t\t\t\n\t\t\t\t\t<\/div>\n\t\t\t\t\t\t\t\t\n<style>\n#image_1332208484 {\n  width: 50%;\n}\n<\/style>\n\t<\/div>\n\t\n\n\t<div id=\"text-4076038200\" class=\"text\">\n\t\t\n\n<h3>By e-mail<\/h3>\n<p><a href=\"mailto:contact@mayortraiteur.ch\">contact@mayortraiteur.ch<br><\/a><\/p>\n\t\t\n<style>\n#text-4076038200 {\n  text-align: center;\n}\n<\/style>\n\t<\/div>\n\t\n\n\t\t<\/div>\n\t\t\t\t\t<\/div>\n\n\t\n\n\t<div id=\"col-405102281\" class=\"col medium-4 small-12 large-4\"  >\n\t\t\t\t<div class=\"col-inner\"  >\n\t\t\t\n\t\t\t\n\n\t<div class=\"img has-hover x md-x lg-x y md-y lg-y\" id=\"image_1963334498\">\n\t\t<a class=\"\" href=\"https:\/\/www.google.com\/maps\/place\/Mayor+Traiteur\/@46.1952592,6.1352694,17z\/data=!3m1!4b1!4m5!3m4!1s0x478c7b2a5c028e6b:0xd8520a804bc4a2d8!8m2!3d46.1952555!4d6.1374581\" target=\"_blank\" rel=\"noopener\" >\t\t\t\t\t\t<div class=\"img-inner dark\" >\n\t\t\t<img loading=\"lazy\" decoding=\"async\" width=\"140\" height=\"138\" src=\"https:\/\/www.mayortraiteur.ch\/wp-content\/uploads\/2019\/05\/address@2x.png\" class=\"attachment-original size-original\" alt=\"address\" \/>\t\t\t\t\t\t\n\t\t\t\t\t<\/div>\n\t\t\t\t\t\t<\/a>\t\t\n<style>\n#image_1963334498 {\n  width: 50%;\n}\n<\/style>\n\t<\/div>\n\t\n\n<h3>Chez nous<\/h3>\n<p style=\"text-align: center;\">Passage Daniel Baud-Bovy, 14<br>CH-1205 Geneva<\/p>\n<p> <\/p>\n\n\t\t<\/div>\n\t\t\t\t\t<\/div>\n\n\t\n\n<\/div>\n\n\n\t\t<\/div>\n\t\t\t\t\t<\/div>\n\n\t\n\n<\/div>\n\n\t\t<\/div>\n\n\t\t\n<style>\n#section_259113846 {\n  padding-top: 30px;\n  padding-bottom: 30px;\n  background-color: rgb(12, 19, 27);\n}\n<\/style>\n\t<\/section>\n\t\n\n","protected":false},"excerpt":{"rendered":"","protected":false},"author":4,"featured_media":0,"parent":31150,"menu_order":0,"comment_status":"closed","ping_status":"closed","template":"page-blank.php","meta":{"footnotes":""},"class_list":["post-31160","page","type-page","status-publish","hentry"],"yoast_head":"<!-- This site is optimized with the Yoast SEO plugin v27.3 - https:\/\/yoast.com\/product\/yoast-seo-wordpress\/ -->\n<title>DECORATION AND ENTERTAINMENT - Mayor Traiteur<\/title>\n<meta name=\"description\" content=\"DECORATION AND ENTERTAINMENT - De la conception \u00e0 la r\u00e9alisation, \u00e0 votre \u00e9coute en proposant une cuisine authentique, gourmande, respectueuse des produits, s\u00e9lectionn\u00e9s localement.\" \/>\n<meta name=\"robots\" content=\"index, follow, max-snippet:-1, max-image-preview:large, max-video-preview:-1\" \/>\n<link rel=\"canonical\" href=\"https:\/\/www.mayortraiteur.ch\/staging\/en\/optional-services\/decoration-and-entertainment\/\" \/>\n<meta property=\"og:locale\" content=\"en_US\" \/>\n<meta property=\"og:type\" content=\"article\" \/>\n<meta property=\"og:title\" content=\"DECORATION AND ENTERTAINMENT - Mayor Traiteur\" \/>\n<meta property=\"og:description\" content=\"DECORATION AND ENTERTAINMENT - De la conception \u00e0 la r\u00e9alisation, \u00e0 votre \u00e9coute en proposant une cuisine authentique, gourmande, respectueuse des produits, s\u00e9lectionn\u00e9s localement.\" \/>\n<meta property=\"og:url\" content=\"https:\/\/www.mayortraiteur.ch\/staging\/en\/optional-services\/decoration-and-entertainment\/\" \/>\n<meta property=\"og:site_name\" content=\"Mayor Traiteur\" \/>\n<meta property=\"article:publisher\" content=\"https:\/\/www.facebook.com\/mayortraiteur.ch\/\" \/>\n<meta property=\"article:modified_time\" content=\"2026-03-13T14:46:10+00:00\" \/>\n<meta property=\"og:image\" content=\"https:\/\/www.mayortraiteur.ch\/wp-content\/uploads\/2026\/03\/katerinakubatina250500431-scaled.jpg\" \/>\n\t<meta property=\"og:image:width\" content=\"2560\" \/>\n\t<meta property=\"og:image:height\" content=\"1709\" \/>\n\t<meta property=\"og:image:type\" content=\"image\/jpeg\" \/>\n<meta name=\"twitter:card\" content=\"summary_large_image\" \/>\n<script type=\"application\/ld+json\" class=\"yoast-schema-graph\">{\"@context\":\"https:\\\/\\\/schema.org\",\"@graph\":[{\"@type\":\"WebPage\",\"@id\":\"https:\\\/\\\/www.mayortraiteur.ch\\\/staging\\\/en\\\/optional-services\\\/decoration-and-entertainment\\\/\",\"url\":\"https:\\\/\\\/www.mayortraiteur.ch\\\/staging\\\/en\\\/optional-services\\\/decoration-and-entertainment\\\/\",\"name\":\"DECORATION AND ENTERTAINMENT - Mayor Traiteur\",\"isPartOf\":{\"@id\":\"https:\\\/\\\/www.mayortraiteur.ch\\\/#website\"},\"datePublished\":\"2026-02-25T07:45:32+00:00\",\"dateModified\":\"2026-03-13T14:46:10+00:00\",\"description\":\"DECORATION AND ENTERTAINMENT - De la conception \u00e0 la r\u00e9alisation, \u00e0 votre \u00e9coute en proposant une cuisine authentique, gourmande, respectueuse des produits, s\u00e9lectionn\u00e9s localement.\",\"breadcrumb\":{\"@id\":\"https:\\\/\\\/www.mayortraiteur.ch\\\/staging\\\/en\\\/optional-services\\\/decoration-and-entertainment\\\/#breadcrumb\"},\"inLanguage\":\"en-US\",\"potentialAction\":[{\"@type\":\"ReadAction\",\"target\":[\"https:\\\/\\\/www.mayortraiteur.ch\\\/staging\\\/en\\\/optional-services\\\/decoration-and-entertainment\\\/\"]}]},{\"@type\":\"BreadcrumbList\",\"@id\":\"https:\\\/\\\/www.mayortraiteur.ch\\\/staging\\\/en\\\/optional-services\\\/decoration-and-entertainment\\\/#breadcrumb\",\"itemListElement\":[{\"@type\":\"ListItem\",\"position\":1,\"name\":\"Accueil\",\"item\":\"https:\\\/\\\/www.mayortraiteur.ch\\\/staging\\\/\"},{\"@type\":\"ListItem\",\"position\":2,\"name\":\"OPTIONAL SERVICES\",\"item\":\"https:\\\/\\\/www.mayortraiteur.ch\\\/staging\\\/servicesoptionnels\\\/\"},{\"@type\":\"ListItem\",\"position\":3,\"name\":\"DECORATION AND ENTERTAINMENT\"}]},{\"@type\":\"WebSite\",\"@id\":\"https:\\\/\\\/www.mayortraiteur.ch\\\/#website\",\"url\":\"https:\\\/\\\/www.mayortraiteur.ch\\\/\",\"name\":\"Mayor Traiteur\",\"description\":\"Food &amp; Design\",\"publisher\":{\"@id\":\"https:\\\/\\\/www.mayortraiteur.ch\\\/#organization\"},\"potentialAction\":[{\"@type\":\"SearchAction\",\"target\":{\"@type\":\"EntryPoint\",\"urlTemplate\":\"https:\\\/\\\/www.mayortraiteur.ch\\\/?s={search_term_string}\"},\"query-input\":{\"@type\":\"PropertyValueSpecification\",\"valueRequired\":true,\"valueName\":\"search_term_string\"}}],\"inLanguage\":\"en-US\"},{\"@type\":\"Organization\",\"@id\":\"https:\\\/\\\/www.mayortraiteur.ch\\\/#organization\",\"name\":\"Mayor Traiteur\",\"url\":\"https:\\\/\\\/www.mayortraiteur.ch\\\/\",\"logo\":{\"@type\":\"ImageObject\",\"inLanguage\":\"en-US\",\"@id\":\"https:\\\/\\\/www.mayortraiteur.ch\\\/#\\\/schema\\\/logo\\\/image\\\/\",\"url\":\"https:\\\/\\\/www.mayortraiteur.ch\\\/wp-content\\\/uploads\\\/2019\\\/05\\\/logo.png\",\"contentUrl\":\"https:\\\/\\\/www.mayortraiteur.ch\\\/wp-content\\\/uploads\\\/2019\\\/05\\\/logo.png\",\"width\":123,\"height\":100,\"caption\":\"Mayor Traiteur\"},\"image\":{\"@id\":\"https:\\\/\\\/www.mayortraiteur.ch\\\/#\\\/schema\\\/logo\\\/image\\\/\"},\"sameAs\":[\"https:\\\/\\\/www.facebook.com\\\/mayortraiteur.ch\\\/\"]}]}<\/script>\n<!-- \/ Yoast SEO plugin. -->","yoast_head_json":{"title":"DECORATION AND ENTERTAINMENT - Mayor Traiteur","description":"DECORATION AND ENTERTAINMENT - De la conception \u00e0 la r\u00e9alisation, \u00e0 votre \u00e9coute en proposant une cuisine authentique, gourmande, respectueuse des produits, s\u00e9lectionn\u00e9s localement.","robots":{"index":"index","follow":"follow","max-snippet":"max-snippet:-1","max-image-preview":"max-image-preview:large","max-video-preview":"max-video-preview:-1"},"canonical":"https:\/\/www.mayortraiteur.ch\/staging\/en\/optional-services\/decoration-and-entertainment\/","og_locale":"en_US","og_type":"article","og_title":"DECORATION AND ENTERTAINMENT - Mayor Traiteur","og_description":"DECORATION AND ENTERTAINMENT - De la conception \u00e0 la r\u00e9alisation, \u00e0 votre \u00e9coute en proposant une cuisine authentique, gourmande, respectueuse des produits, s\u00e9lectionn\u00e9s localement.","og_url":"https:\/\/www.mayortraiteur.ch\/staging\/en\/optional-services\/decoration-and-entertainment\/","og_site_name":"Mayor Traiteur","article_publisher":"https:\/\/www.facebook.com\/mayortraiteur.ch\/","article_modified_time":"2026-03-13T14:46:10+00:00","og_image":[{"width":2560,"height":1709,"url":"https:\/\/www.mayortraiteur.ch\/wp-content\/uploads\/2026\/03\/katerinakubatina250500431-scaled.jpg","type":"image\/jpeg"}],"twitter_card":"summary_large_image","schema":{"@context":"https:\/\/schema.org","@graph":[{"@type":"WebPage","@id":"https:\/\/www.mayortraiteur.ch\/staging\/en\/optional-services\/decoration-and-entertainment\/","url":"https:\/\/www.mayortraiteur.ch\/staging\/en\/optional-services\/decoration-and-entertainment\/","name":"DECORATION AND ENTERTAINMENT - Mayor Traiteur","isPartOf":{"@id":"https:\/\/www.mayortraiteur.ch\/#website"},"datePublished":"2026-02-25T07:45:32+00:00","dateModified":"2026-03-13T14:46:10+00:00","description":"DECORATION AND ENTERTAINMENT - De la conception \u00e0 la r\u00e9alisation, \u00e0 votre \u00e9coute en proposant une cuisine authentique, gourmande, respectueuse des produits, s\u00e9lectionn\u00e9s localement.","breadcrumb":{"@id":"https:\/\/www.mayortraiteur.ch\/staging\/en\/optional-services\/decoration-and-entertainment\/#breadcrumb"},"inLanguage":"en-US","potentialAction":[{"@type":"ReadAction","target":["https:\/\/www.mayortraiteur.ch\/staging\/en\/optional-services\/decoration-and-entertainment\/"]}]},{"@type":"BreadcrumbList","@id":"https:\/\/www.mayortraiteur.ch\/staging\/en\/optional-services\/decoration-and-entertainment\/#breadcrumb","itemListElement":[{"@type":"ListItem","position":1,"name":"Accueil","item":"https:\/\/www.mayortraiteur.ch\/staging\/"},{"@type":"ListItem","position":2,"name":"OPTIONAL SERVICES","item":"https:\/\/www.mayortraiteur.ch\/staging\/servicesoptionnels\/"},{"@type":"ListItem","position":3,"name":"DECORATION AND ENTERTAINMENT"}]},{"@type":"WebSite","@id":"https:\/\/www.mayortraiteur.ch\/#website","url":"https:\/\/www.mayortraiteur.ch\/","name":"Mayor Traiteur","description":"Food &amp; Design","publisher":{"@id":"https:\/\/www.mayortraiteur.ch\/#organization"},"potentialAction":[{"@type":"SearchAction","target":{"@type":"EntryPoint","urlTemplate":"https:\/\/www.mayortraiteur.ch\/?s={search_term_string}"},"query-input":{"@type":"PropertyValueSpecification","valueRequired":true,"valueName":"search_term_string"}}],"inLanguage":"en-US"},{"@type":"Organization","@id":"https:\/\/www.mayortraiteur.ch\/#organization","name":"Mayor Traiteur","url":"https:\/\/www.mayortraiteur.ch\/","logo":{"@type":"ImageObject","inLanguage":"en-US","@id":"https:\/\/www.mayortraiteur.ch\/#\/schema\/logo\/image\/","url":"https:\/\/www.mayortraiteur.ch\/wp-content\/uploads\/2019\/05\/logo.png","contentUrl":"https:\/\/www.mayortraiteur.ch\/wp-content\/uploads\/2019\/05\/logo.png","width":123,"height":100,"caption":"Mayor Traiteur"},"image":{"@id":"https:\/\/www.mayortraiteur.ch\/#\/schema\/logo\/image\/"},"sameAs":["https:\/\/www.facebook.com\/mayortraiteur.ch\/"]}]}},"_links":{"self":[{"href":"https:\/\/www.mayortraiteur.ch\/en\/wp-json\/wp\/v2\/pages\/31160","targetHints":{"allow":["GET"]}}],"collection":[{"href":"https:\/\/www.mayortraiteur.ch\/en\/wp-json\/wp\/v2\/pages"}],"about":[{"href":"https:\/\/www.mayortraiteur.ch\/en\/wp-json\/wp\/v2\/types\/page"}],"author":[{"embeddable":true,"href":"https:\/\/www.mayortraiteur.ch\/en\/wp-json\/wp\/v2\/users\/4"}],"replies":[{"embeddable":true,"href":"https:\/\/www.mayortraiteur.ch\/en\/wp-json\/wp\/v2\/comments?post=31160"}],"version-history":[{"count":3,"href":"https:\/\/www.mayortraiteur.ch\/en\/wp-json\/wp\/v2\/pages\/31160\/revisions"}],"predecessor-version":[{"id":31306,"href":"https:\/\/www.mayortraiteur.ch\/en\/wp-json\/wp\/v2\/pages\/31160\/revisions\/31306"}],"up":[{"embeddable":true,"href":"https:\/\/www.mayortraiteur.ch\/en\/wp-json\/wp\/v2\/pages\/31150"}],"wp:attachment":[{"href":"https:\/\/www.mayortraiteur.ch\/en\/wp-json\/wp\/v2\/media?parent=31160"}],"curies":[{"name":"wp","href":"https:\/\/api.w.org\/{rel}","templated":true}]}}