{"id":31252,"date":"2026-02-25T08:26:44","date_gmt":"2026-02-25T07:26:44","guid":{"rendered":"https:\/\/www.mayortraiteur.ch\/staging\/optional-services\/mixology\/"},"modified":"2026-04-07T11:23:00","modified_gmt":"2026-04-07T09:23:00","slug":"mixology","status":"publish","type":"page","link":"https:\/\/www.mayortraiteur.ch\/en\/optional-services\/mixology\/","title":{"rendered":"MIXOLOGY"},"content":{"rendered":"\n\n\t<section class=\"section\" id=\"section_722026168\">\n\t\t<div class=\"section-bg fill\" >\n\t\t\t\t\t\t\t\t\t\n\t\t\t\n\n\t\t<\/div>\n\n\t\t\n\n\t\t<div class=\"section-content relative\">\n\t\t\t\n\n<div class=\"row align-equal align-center custom-row-width-mobile\" style=\"max-width:50%\" id=\"row-858650009\">\n\n\n\t<div id=\"col-1172994497\" class=\"col small-12 large-12\"  >\n\t\t\t\t<div class=\"col-inner text-center\"  >\n\t\t\t\n\t\t\t\n\n\n  <div class=\"banner has-hover banner-custom-image\" id=\"banner-1156966420\">\n          <div class=\"banner-inner fill\">\n        <div class=\"banner-bg fill\" >\n            <img loading=\"lazy\" decoding=\"async\" width=\"997\" height=\"1413\" src=\"https:\/\/www.mayortraiteur.ch\/wp-content\/uploads\/2026\/02\/mayor_traiteur_mixologie.png\" class=\"bg attachment-original size-original\" alt=\"\" \/>                        <div class=\"overlay\"><\/div>            \n                    <\/div>\n\t\t\n        <div class=\"banner-layers container\">\n            <div class=\"fill banner-link\"><\/div>            \n\n   <div id=\"text-box-2140380331\" class=\"text-box banner-layer x50 md-x50 lg-x50 y50 md-y50 lg-y50 res-text\">\n                                <div class=\"text-box-content text dark\">\n              \n              <div class=\"text-inner text-center\">\n                  \n\n\t<div id=\"text-1100193261\" class=\"text\">\n\t\t\n\n<h3 class=\"uppercase\">MIXOLOGY<\/h3>\n\t\t\n<style>\n#text-1100193261 {\n  color: rgb(255,255,255);\n}\n#text-1100193261 > * {\n  color: rgb(255,255,255);\n}\n<\/style>\n\t<\/div>\n\t\n\n              <\/div>\n           <\/div>\n                            \n<style>\n#text-box-2140380331 {\n  width: 100%;\n}\n#text-box-2140380331 .text-box-content {\n  font-size: 100%;\n}\n@media (min-width:550px) {\n  #text-box-2140380331 {\n    width: 60%;\n  }\n}\n<\/style>\n    <\/div>\n \n\n        <\/div>\n      <\/div>\n\n            \n<style>\n#banner-1156966420 {\n  padding-top: 56.25%;\n  background-color: rgb(0,0,0);\n}\n#banner-1156966420 .overlay {\n  background-color: rgba(0,0,0,.5);\n}\n<\/style>\n  <\/div>\n\n\n\n\t\t<\/div>\n\t\t\t\t\t<\/div>\n\n\t\n\n<\/div>\n\n\t\t<\/div>\n\n\t\t\n<style>\n#section_722026168 {\n  padding-top: 30px;\n  padding-bottom: 30px;\n  background-color: rgb(0,0,0);\n}\n<\/style>\n\t<\/section>\n\t\n\n\t<section class=\"section custom-pdbottom-zero dark\" id=\"section_418413479\">\n\t\t<div class=\"section-bg fill\" >\n\t\t\t\t\t\t\t\t\t\n\t\t\t\n\n\t\t<\/div>\n\n\t\t\n\n\t\t<div class=\"section-content relative\">\n\t\t\t\n\n\t<div id=\"text-4008122857\" class=\"text\">\n\t\t\n\n<h2>MIXOLOGY<\/h2>\n\t\t\n<style>\n#text-4008122857 {\n  font-size: 1.5rem;\n  text-align: center;\n}\n<\/style>\n\t<\/div>\n\t\n\t<div id=\"text-2730826228\" class=\"text\">\n\t\t\n\n<p>Customized cocktail bars for your events in Geneva and the canton of Vaud.<\/p>\n\t\t\n<style>\n#text-2730826228 {\n  text-align: center;\n}\n<\/style>\n\t<\/div>\n\t\n\n\t\t<\/div>\n\n\t\t\n<style>\n#section_418413479 {\n  padding-top: 30px;\n  padding-bottom: 30px;\n  background-color: #0d131a;\n}\n<\/style>\n\t<\/section>\n\t\n\n\t<section class=\"section\" id=\"section_1922336640\">\n\t\t<div class=\"section-bg fill\" >\n\t\t\t\t\t\t\t\t\t\n\t\t\t\n\n\t\t<\/div>\n\n\t\t\n\n\t\t<div class=\"section-content relative\">\n\t\t\t\n\n<div class=\"row row-small row-full-width\"  id=\"row-832771094\">\n\n\n\t<div id=\"col-173041136\" class=\"col medium-3 small-12 large-3\"  >\n\t\t\t\t<div class=\"col-inner\"  >\n\t\t\t\n\t\t\t\n\n\t<div class=\"img has-hover x md-x lg-x y md-y lg-y\" id=\"image_1996143623\">\n\t\t\t\t\t\t\t\t<div class=\"img-inner dark\" >\n\t\t\t<img loading=\"lazy\" decoding=\"async\" width=\"997\" height=\"1413\" src=\"https:\/\/www.mayortraiteur.ch\/wp-content\/uploads\/2026\/02\/mayor_traiteur_mixologie.png\" class=\"attachment-original size-original\" alt=\"\" srcset=\"https:\/\/www.mayortraiteur.ch\/wp-content\/uploads\/2026\/02\/mayor_traiteur_mixologie.png 997w, https:\/\/www.mayortraiteur.ch\/wp-content\/uploads\/2026\/02\/mayor_traiteur_mixologie-212x300.png 212w, https:\/\/www.mayortraiteur.ch\/wp-content\/uploads\/2026\/02\/mayor_traiteur_mixologie-723x1024.png 723w, https:\/\/www.mayortraiteur.ch\/wp-content\/uploads\/2026\/02\/mayor_traiteur_mixologie-768x1088.png 768w\" sizes=\"auto, (max-width: 997px) 100vw, 997px\" \/>\t\t\t\t\t\t\n\t\t\t\t\t<\/div>\n\t\t\t\t\t\t\t\t\n<style>\n#image_1996143623 {\n  width: 100%;\n}\n@media (min-width:550px) {\n  #image_1996143623 {\n    width: 91%;\n  }\n}\n<\/style>\n\t<\/div>\n\t\n\n\n\t\t<\/div>\n\t\t\t\t\t<\/div>\n\n\t\n\n\t<div id=\"col-2069056323\" class=\"col medium-6 small-12 large-6\"  >\n\t\t\t\t<div class=\"col-inner text-center\"  >\n\t\t\t\n\t\t\t\n\n\t<div id=\"text-827995761\" class=\"text\">\n\t\t\n\n<h3 style=\"text-align: justify;\"><span style=\"color: #d00a91;\">EVENT COCKTAIL BAR IN GENEVA &amp; CANTON OF VAUD<\/span><\/h3>\n<p style=\"text-align: justify;\">Offer your guests an exceptional Cocktail experience, supported by the expertise of our professional mixologists working in Geneva and the canton of Vaud.<br>Our Cocktail Bars are designed as genuine event entertainment, where each creation is created live, with precision and elegance.<br>From signature Cocktails to revisited classics, our recipes highlight carefully selected ingredients and mastered aromatic balances.<br>Each glass accompanies the moment, creates an exchange and leaves a lasting impression, bringing refinement and conviviality to your event.<\/p>\n\t\t\n<style>\n#text-827995761 {\n  line-height: 2.1;\n  color: rgb(255,255,255);\n}\n#text-827995761 > * {\n  color: rgb(255,255,255);\n}\n<\/style>\n\t<\/div>\n\t\n<a href=\"\/en\/contact\" class=\"button primary is-outline is-larger\" >\n\t\t<span>ASK FOR YOUR PERSONALIZED QUOTE<\/span>\n\t<\/a>\n\n\n\n\t\t<\/div>\n\t\t\t\t\n<style>\n#col-2069056323 > .col-inner {\n  margin: 0px 0px 0px 0px;\n}\n@media (min-width:550px) {\n  #col-2069056323 > .col-inner {\n    margin: 0px 0px 0px -20px;\n  }\n}\n<\/style>\n\t<\/div>\n\n\t\n\n\t<div id=\"col-705507404\" class=\"col medium-3 small-12 large-3\"  >\n\t\t\t\t<div class=\"col-inner\"  >\n\t\t\t\n\t\t\t\n\n\t<div id=\"gap-140075749\" class=\"gap-element clearfix hide-for-small\" style=\"display:block; height:auto;\">\n\t\t\n<style>\n#gap-140075749 {\n  padding-top: 250px;\n}\n<\/style>\n\t<\/div>\n\t\n\n\t<div class=\"img has-hover x md-x lg-x y md-y lg-y\" id=\"image_875073573\">\n\t\t\t\t\t\t\t\t<div class=\"img-inner image-cover dark\" style=\"padding-top:80%;\">\n\t\t\t<img loading=\"lazy\" decoding=\"async\" width=\"262\" height=\"245\" src=\"https:\/\/www.mayortraiteur.ch\/wp-content\/uploads\/2026\/03\/mayor_traiteur_mixologie_cocktail2.png\" class=\"attachment-original size-original\" alt=\"\" \/>\t\t\t\t\t\t\n\t\t\t\t\t<\/div>\n\t\t\t\t\t\t\t\t\n<style>\n#image_875073573 {\n  width: 100%;\n}\n<\/style>\n\t<\/div>\n\t\n\n\n\t\t<\/div>\n\t\t\t\t\t<\/div>\n\n\t\n\n\n<style>\n#row-832771094 > .col > .col-inner {\n  padding: 0px 15px 0px 15px;\n}\n@media (min-width:550px) {\n  #row-832771094 > .col > .col-inner {\n    padding: 0px 30px 0px 30px;\n  }\n}\n<\/style>\n<\/div>\n\n\t\t<\/div>\n\n\t\t\n<style>\n#section_1922336640 {\n  padding-top: 30px;\n  padding-bottom: 30px;\n  background-color: rgb(0,0,0);\n}\n<\/style>\n\t<\/section>\n\t\n\n\t<section class=\"section dark\" id=\"section_533133374\">\n\t\t<div class=\"section-bg fill\" >\n\t\t\t\t\t\t\t\t\t\n\t\t\t\n\n\t\t<\/div>\n\n\t\t\n\n\t\t<div class=\"section-content relative\">\n\t\t\t\n\n<div class=\"row\"  id=\"row-1820833255\">\n\n\n\t<div id=\"col-992406480\" class=\"col small-12 large-12\"  >\n\t\t\t\t<div class=\"col-inner\"  >\n\t\t\t\n\t\t\t\n\n<div class=\"is-divider divider clearfix\" style=\"max-width:100%;height:1px;\"><\/div>\n\n\t<div id=\"gap-1042471162\" class=\"gap-element clearfix\" style=\"display:block; height:auto;\">\n\t\t\n<style>\n#gap-1042471162 {\n  padding-top: 30px;\n}\n<\/style>\n\t<\/div>\n\t\n\n<div class=\"row\"  id=\"row-1059510424\">\n\n\n\t<div id=\"col-843575227\" class=\"col small-12 large-12\"  >\n\t\t\t\t<div class=\"col-inner\"  >\n\t\t\t\n\t\t\t\n\n<h2 style=\"text-align: center;\">CONTACT US<\/h2>\n\n\t\t<\/div>\n\t\t\t\t\t<\/div>\n\n\t\n\n<\/div>\n<div class=\"row footer-contact\"  id=\"row-2047718803\">\n\n\n\t<div id=\"col-1489953612\" class=\"col medium-4 small-12 large-4\"  >\n\t\t\t\t<div class=\"col-inner\"  >\n\t\t\t\n\t\t\t\n\n\t<div class=\"img has-hover x md-x lg-x y md-y lg-y\" id=\"image_1420142426\">\n\t\t\t\t\t\t\t\t<div class=\"img-inner dark\" >\n\t\t\t<img loading=\"lazy\" decoding=\"async\" width=\"142\" height=\"142\" src=\"https:\/\/www.mayortraiteur.ch\/wp-content\/uploads\/2019\/05\/phone@2x.png\" class=\"attachment-original size-original\" alt=\"phone\" \/>\t\t\t\t\t\t\n\t\t\t\t\t<\/div>\n\t\t\t\t\t\t\t\t\n<style>\n#image_1420142426 {\n  width: 100%;\n}\n<\/style>\n\t<\/div>\n\t\n\n\t<div id=\"text-4104222357\" class=\"text\">\n\t\t\n\n<h3>By phone<\/h3>\n<p style=\"text-align: center;\">Mob: +41 79 213 94 61<br>Tel: +41 22 328 10 82<\/p>\n\n\t\t\n<style>\n#text-4104222357 {\n  text-align: center;\n}\n<\/style>\n\t<\/div>\n\t\n\n\t\t<\/div>\n\t\t\t\t\t<\/div>\n\n\t\n\n\t<div id=\"col-160185603\" class=\"col medium-4 small-12 large-4\"  >\n\t\t\t\t<div class=\"col-inner\"  >\n\t\t\t\n\t\t\t\n\n\t<div class=\"img has-hover x md-x lg-x y md-y lg-y\" id=\"image_1977562313\">\n\t\t\t\t\t\t\t\t<div class=\"img-inner dark\" >\n\t\t\t<img loading=\"lazy\" decoding=\"async\" width=\"140\" height=\"140\" src=\"https:\/\/www.mayortraiteur.ch\/wp-content\/uploads\/2019\/05\/email@2x.png\" class=\"attachment-original size-original\" alt=\"email\" \/>\t\t\t\t\t\t\n\t\t\t\t\t<\/div>\n\t\t\t\t\t\t\t\t\n<style>\n#image_1977562313 {\n  width: 50%;\n}\n<\/style>\n\t<\/div>\n\t\n\n\t<div id=\"text-2254798826\" class=\"text\">\n\t\t\n\n<h3>By e-mail<\/h3>\n<p><a href=\"mailto:contact@mayortraiteur.ch\">contact@mayortraiteur.ch<br><\/a><\/p>\n\t\t\n<style>\n#text-2254798826 {\n  text-align: center;\n}\n<\/style>\n\t<\/div>\n\t\n\n\t\t<\/div>\n\t\t\t\t\t<\/div>\n\n\t\n\n\t<div id=\"col-1209294665\" class=\"col medium-4 small-12 large-4\"  >\n\t\t\t\t<div class=\"col-inner\"  >\n\t\t\t\n\t\t\t\n\n\t<div class=\"img has-hover x md-x lg-x y md-y lg-y\" id=\"image_1839487045\">\n\t\t<a class=\"\" href=\"https:\/\/www.google.com\/maps\/place\/Mayor+Traiteur\/@46.1952592,6.1352694,17z\/data=!3m1!4b1!4m5!3m4!1s0x478c7b2a5c028e6b:0xd8520a804bc4a2d8!8m2!3d46.1952555!4d6.1374581\" target=\"_blank\" rel=\"noopener\" >\t\t\t\t\t\t<div class=\"img-inner dark\" >\n\t\t\t<img loading=\"lazy\" decoding=\"async\" width=\"140\" height=\"138\" src=\"https:\/\/www.mayortraiteur.ch\/wp-content\/uploads\/2019\/05\/address@2x.png\" class=\"attachment-original size-original\" alt=\"address\" \/>\t\t\t\t\t\t\n\t\t\t\t\t<\/div>\n\t\t\t\t\t\t<\/a>\t\t\n<style>\n#image_1839487045 {\n  width: 50%;\n}\n<\/style>\n\t<\/div>\n\t\n\n<h3>Chez nous<\/h3>\n<p style=\"text-align: center;\">Passage Daniel Baud-Bovy, 14<br>CH-1205 Geneva<\/p>\n<p> <\/p>\n\n\t\t<\/div>\n\t\t\t\t\t<\/div>\n\n\t\n\n<\/div>\n\n\n\t\t<\/div>\n\t\t\t\t\t<\/div>\n\n\t\n\n<\/div>\n\n\t\t<\/div>\n\n\t\t\n<style>\n#section_533133374 {\n  padding-top: 30px;\n  padding-bottom: 30px;\n  background-color: rgb(12, 19, 27);\n}\n<\/style>\n\t<\/section>\n\t\n\n","protected":false},"excerpt":{"rendered":"","protected":false},"author":4,"featured_media":0,"parent":31150,"menu_order":0,"comment_status":"closed","ping_status":"closed","template":"page-blank.php","meta":{"footnotes":""},"class_list":["post-31252","page","type-page","status-publish","hentry"],"yoast_head":"<!-- This site is optimized with the Yoast SEO plugin v27.3 - https:\/\/yoast.com\/product\/yoast-seo-wordpress\/ -->\n<title>MIXOLOGY - Mayor Traiteur<\/title>\n<meta name=\"description\" content=\"MIXOLOGY - De la conception \u00e0 la r\u00e9alisation, \u00e0 votre \u00e9coute en proposant une cuisine authentique, gourmande, respectueuse des produits, s\u00e9lectionn\u00e9s localement.\" \/>\n<meta name=\"robots\" content=\"index, follow, max-snippet:-1, max-image-preview:large, max-video-preview:-1\" \/>\n<link rel=\"canonical\" href=\"https:\/\/www.mayortraiteur.ch\/en\/optional-services\/mixology\/\" \/>\n<meta property=\"og:locale\" content=\"en_US\" \/>\n<meta property=\"og:type\" content=\"article\" \/>\n<meta property=\"og:title\" content=\"MIXOLOGY - Mayor Traiteur\" \/>\n<meta property=\"og:description\" content=\"MIXOLOGY - De la conception \u00e0 la r\u00e9alisation, \u00e0 votre \u00e9coute en proposant une cuisine authentique, gourmande, respectueuse des produits, s\u00e9lectionn\u00e9s localement.\" \/>\n<meta property=\"og:url\" content=\"https:\/\/www.mayortraiteur.ch\/en\/optional-services\/mixology\/\" \/>\n<meta property=\"og:site_name\" content=\"Mayor Traiteur\" \/>\n<meta property=\"article:publisher\" content=\"https:\/\/www.facebook.com\/mayortraiteur.ch\/\" \/>\n<meta property=\"article:modified_time\" content=\"2026-04-07T09:23:00+00:00\" \/>\n<meta property=\"og:image\" content=\"https:\/\/www.mayortraiteur.ch\/wp-content\/uploads\/2026\/03\/katerinakubatina250500431-scaled.jpg\" \/>\n\t<meta property=\"og:image:width\" content=\"2560\" \/>\n\t<meta property=\"og:image:height\" content=\"1709\" \/>\n\t<meta property=\"og:image:type\" content=\"image\/jpeg\" \/>\n<meta name=\"twitter:card\" content=\"summary_large_image\" \/>\n<script type=\"application\/ld+json\" class=\"yoast-schema-graph\">{\"@context\":\"https:\\\/\\\/schema.org\",\"@graph\":[{\"@type\":\"WebPage\",\"@id\":\"https:\\\/\\\/www.mayortraiteur.ch\\\/en\\\/optional-services\\\/mixology\\\/\",\"url\":\"https:\\\/\\\/www.mayortraiteur.ch\\\/en\\\/optional-services\\\/mixology\\\/\",\"name\":\"MIXOLOGY - Mayor Traiteur\",\"isPartOf\":{\"@id\":\"https:\\\/\\\/www.mayortraiteur.ch\\\/#website\"},\"datePublished\":\"2026-02-25T07:26:44+00:00\",\"dateModified\":\"2026-04-07T09:23:00+00:00\",\"description\":\"MIXOLOGY - De la conception \u00e0 la r\u00e9alisation, \u00e0 votre \u00e9coute en proposant une cuisine authentique, gourmande, respectueuse des produits, s\u00e9lectionn\u00e9s localement.\",\"breadcrumb\":{\"@id\":\"https:\\\/\\\/www.mayortraiteur.ch\\\/en\\\/optional-services\\\/mixology\\\/#breadcrumb\"},\"inLanguage\":\"en-US\",\"potentialAction\":[{\"@type\":\"ReadAction\",\"target\":[\"https:\\\/\\\/www.mayortraiteur.ch\\\/en\\\/optional-services\\\/mixology\\\/\"]}]},{\"@type\":\"BreadcrumbList\",\"@id\":\"https:\\\/\\\/www.mayortraiteur.ch\\\/en\\\/optional-services\\\/mixology\\\/#breadcrumb\",\"itemListElement\":[{\"@type\":\"ListItem\",\"position\":1,\"name\":\"Accueil\",\"item\":\"https:\\\/\\\/www.mayortraiteur.ch\\\/staging\\\/\"},{\"@type\":\"ListItem\",\"position\":2,\"name\":\"OPTIONAL SERVICES\",\"item\":\"https:\\\/\\\/www.mayortraiteur.ch\\\/staging\\\/servicesoptionnels\\\/\"},{\"@type\":\"ListItem\",\"position\":3,\"name\":\"MIXOLOGY\"}]},{\"@type\":\"WebSite\",\"@id\":\"https:\\\/\\\/www.mayortraiteur.ch\\\/#website\",\"url\":\"https:\\\/\\\/www.mayortraiteur.ch\\\/\",\"name\":\"Mayor Traiteur\",\"description\":\"Food &amp; Design\",\"publisher\":{\"@id\":\"https:\\\/\\\/www.mayortraiteur.ch\\\/#organization\"},\"potentialAction\":[{\"@type\":\"SearchAction\",\"target\":{\"@type\":\"EntryPoint\",\"urlTemplate\":\"https:\\\/\\\/www.mayortraiteur.ch\\\/?s={search_term_string}\"},\"query-input\":{\"@type\":\"PropertyValueSpecification\",\"valueRequired\":true,\"valueName\":\"search_term_string\"}}],\"inLanguage\":\"en-US\"},{\"@type\":\"Organization\",\"@id\":\"https:\\\/\\\/www.mayortraiteur.ch\\\/#organization\",\"name\":\"Mayor Traiteur\",\"url\":\"https:\\\/\\\/www.mayortraiteur.ch\\\/\",\"logo\":{\"@type\":\"ImageObject\",\"inLanguage\":\"en-US\",\"@id\":\"https:\\\/\\\/www.mayortraiteur.ch\\\/#\\\/schema\\\/logo\\\/image\\\/\",\"url\":\"https:\\\/\\\/www.mayortraiteur.ch\\\/wp-content\\\/uploads\\\/2019\\\/05\\\/logo.png\",\"contentUrl\":\"https:\\\/\\\/www.mayortraiteur.ch\\\/wp-content\\\/uploads\\\/2019\\\/05\\\/logo.png\",\"width\":123,\"height\":100,\"caption\":\"Mayor Traiteur\"},\"image\":{\"@id\":\"https:\\\/\\\/www.mayortraiteur.ch\\\/#\\\/schema\\\/logo\\\/image\\\/\"},\"sameAs\":[\"https:\\\/\\\/www.facebook.com\\\/mayortraiteur.ch\\\/\"]}]}<\/script>\n<!-- \/ Yoast SEO plugin. -->","yoast_head_json":{"title":"MIXOLOGY - Mayor Traiteur","description":"MIXOLOGY - De la conception \u00e0 la r\u00e9alisation, \u00e0 votre \u00e9coute en proposant une cuisine authentique, gourmande, respectueuse des produits, s\u00e9lectionn\u00e9s localement.","robots":{"index":"index","follow":"follow","max-snippet":"max-snippet:-1","max-image-preview":"max-image-preview:large","max-video-preview":"max-video-preview:-1"},"canonical":"https:\/\/www.mayortraiteur.ch\/en\/optional-services\/mixology\/","og_locale":"en_US","og_type":"article","og_title":"MIXOLOGY - Mayor Traiteur","og_description":"MIXOLOGY - De la conception \u00e0 la r\u00e9alisation, \u00e0 votre \u00e9coute en proposant une cuisine authentique, gourmande, respectueuse des produits, s\u00e9lectionn\u00e9s localement.","og_url":"https:\/\/www.mayortraiteur.ch\/en\/optional-services\/mixology\/","og_site_name":"Mayor Traiteur","article_publisher":"https:\/\/www.facebook.com\/mayortraiteur.ch\/","article_modified_time":"2026-04-07T09:23:00+00:00","og_image":[{"width":2560,"height":1709,"url":"https:\/\/www.mayortraiteur.ch\/wp-content\/uploads\/2026\/03\/katerinakubatina250500431-scaled.jpg","type":"image\/jpeg"}],"twitter_card":"summary_large_image","schema":{"@context":"https:\/\/schema.org","@graph":[{"@type":"WebPage","@id":"https:\/\/www.mayortraiteur.ch\/en\/optional-services\/mixology\/","url":"https:\/\/www.mayortraiteur.ch\/en\/optional-services\/mixology\/","name":"MIXOLOGY - Mayor Traiteur","isPartOf":{"@id":"https:\/\/www.mayortraiteur.ch\/#website"},"datePublished":"2026-02-25T07:26:44+00:00","dateModified":"2026-04-07T09:23:00+00:00","description":"MIXOLOGY - De la conception \u00e0 la r\u00e9alisation, \u00e0 votre \u00e9coute en proposant une cuisine authentique, gourmande, respectueuse des produits, s\u00e9lectionn\u00e9s localement.","breadcrumb":{"@id":"https:\/\/www.mayortraiteur.ch\/en\/optional-services\/mixology\/#breadcrumb"},"inLanguage":"en-US","potentialAction":[{"@type":"ReadAction","target":["https:\/\/www.mayortraiteur.ch\/en\/optional-services\/mixology\/"]}]},{"@type":"BreadcrumbList","@id":"https:\/\/www.mayortraiteur.ch\/en\/optional-services\/mixology\/#breadcrumb","itemListElement":[{"@type":"ListItem","position":1,"name":"Accueil","item":"https:\/\/www.mayortraiteur.ch\/staging\/"},{"@type":"ListItem","position":2,"name":"OPTIONAL SERVICES","item":"https:\/\/www.mayortraiteur.ch\/staging\/servicesoptionnels\/"},{"@type":"ListItem","position":3,"name":"MIXOLOGY"}]},{"@type":"WebSite","@id":"https:\/\/www.mayortraiteur.ch\/#website","url":"https:\/\/www.mayortraiteur.ch\/","name":"Mayor Traiteur","description":"Food &amp; Design","publisher":{"@id":"https:\/\/www.mayortraiteur.ch\/#organization"},"potentialAction":[{"@type":"SearchAction","target":{"@type":"EntryPoint","urlTemplate":"https:\/\/www.mayortraiteur.ch\/?s={search_term_string}"},"query-input":{"@type":"PropertyValueSpecification","valueRequired":true,"valueName":"search_term_string"}}],"inLanguage":"en-US"},{"@type":"Organization","@id":"https:\/\/www.mayortraiteur.ch\/#organization","name":"Mayor Traiteur","url":"https:\/\/www.mayortraiteur.ch\/","logo":{"@type":"ImageObject","inLanguage":"en-US","@id":"https:\/\/www.mayortraiteur.ch\/#\/schema\/logo\/image\/","url":"https:\/\/www.mayortraiteur.ch\/wp-content\/uploads\/2019\/05\/logo.png","contentUrl":"https:\/\/www.mayortraiteur.ch\/wp-content\/uploads\/2019\/05\/logo.png","width":123,"height":100,"caption":"Mayor Traiteur"},"image":{"@id":"https:\/\/www.mayortraiteur.ch\/#\/schema\/logo\/image\/"},"sameAs":["https:\/\/www.facebook.com\/mayortraiteur.ch\/"]}]}},"_links":{"self":[{"href":"https:\/\/www.mayortraiteur.ch\/en\/wp-json\/wp\/v2\/pages\/31252","targetHints":{"allow":["GET"]}}],"collection":[{"href":"https:\/\/www.mayortraiteur.ch\/en\/wp-json\/wp\/v2\/pages"}],"about":[{"href":"https:\/\/www.mayortraiteur.ch\/en\/wp-json\/wp\/v2\/types\/page"}],"author":[{"embeddable":true,"href":"https:\/\/www.mayortraiteur.ch\/en\/wp-json\/wp\/v2\/users\/4"}],"replies":[{"embeddable":true,"href":"https:\/\/www.mayortraiteur.ch\/en\/wp-json\/wp\/v2\/comments?post=31252"}],"version-history":[{"count":4,"href":"https:\/\/www.mayortraiteur.ch\/en\/wp-json\/wp\/v2\/pages\/31252\/revisions"}],"predecessor-version":[{"id":31418,"href":"https:\/\/www.mayortraiteur.ch\/en\/wp-json\/wp\/v2\/pages\/31252\/revisions\/31418"}],"up":[{"embeddable":true,"href":"https:\/\/www.mayortraiteur.ch\/en\/wp-json\/wp\/v2\/pages\/31150"}],"wp:attachment":[{"href":"https:\/\/www.mayortraiteur.ch\/en\/wp-json\/wp\/v2\/media?parent=31252"}],"curies":[{"name":"wp","href":"https:\/\/api.w.org\/{rel}","templated":true}]}}