{"id":31271,"date":"2017-02-16T09:17:12","date_gmt":"2017-02-16T08:17:12","guid":{"rendered":"https:\/\/www.mayortraiteur.ch\/staging\/contact\/"},"modified":"2026-03-13T13:08:17","modified_gmt":"2026-03-13T12:08:17","slug":"contact","status":"publish","type":"page","link":"https:\/\/www.mayortraiteur.ch\/en\/contact\/","title":{"rendered":"CONTACT"},"content":{"rendered":"\n  <div class=\"banner has-hover\" id=\"banner-276784107\">\n          <div class=\"banner-inner fill\">\n        <div class=\"banner-bg fill\" >\n            <img loading=\"lazy\" decoding=\"async\" width=\"1600\" height=\"350\" src=\"https:\/\/www.mayortraiteur.ch\/wp-content\/uploads\/2019\/05\/contact.jpg\" class=\"bg attachment-original size-original\" alt=\"\" \/>                                    \n                    <\/div>\n\t\t\n        <div class=\"banner-layers container\">\n            <div class=\"fill banner-link\"><\/div>            \n   <div id=\"text-box-915946965\" class=\"text-box banner-layer x50 md-x50 lg-x50 y50 md-y50 lg-y50 res-text\">\n                                <div class=\"text-box-content text dark\">\n              \n              <div class=\"text-inner text-center\">\n                  \n<h1 class=\"uppercase\"><strong>CONTACT US<\/strong><\/h1>\n              <\/div>\n           <\/div>\n                            \n<style>\n#text-box-915946965 {\n  width: 60%;\n}\n#text-box-915946965 .text-box-content {\n  font-size: 100%;\n}\n<\/style>\n    <\/div>\n \n        <\/div>\n      <\/div>\n\n            \n<style>\n#banner-276784107 {\n  padding-top: 350px;\n}\n<\/style>\n  <\/div>\n\n\n\n\t<section class=\"section no-bot-pad dark\" id=\"section_1487714617\">\n\t\t<div class=\"section-bg fill\" >\n\t\t\t\t\t\t\t\t\t\n\t\t\t\n\n\t\t<\/div>\n\n\t\t\n\n\t\t<div class=\"section-content relative\">\n\t\t\t\n<h2 style=\"text-align: center;\">MAYOR TRAITEUR<br \/>Food &amp; Design<\/h2>\n<p style=\"text-align: center;\">Your caterer in Geneva and the canton of Vaud, since 2010.<\/p>\n\t<div id=\"gap-1458630468\" class=\"gap-element clearfix\" style=\"display:block; height:auto;\">\n\t\t\n<style>\n#gap-1458630468 {\n  padding-top: 30px;\n}\n<\/style>\n\t<\/div>\n\t\n<div class=\"row footer-contact\"  id=\"row-807790009\">\r\n\r\n\n\t<div id=\"col-638929793\" class=\"col medium-4 small-12 large-4\"  >\n\t\t\t\t<div class=\"col-inner\"  >\n\t\t\t\n\t\t\t\r\n\r\n\t<div class=\"img has-hover x md-x lg-x y md-y lg-y\" id=\"image_1171104470\">\n\t\t\t\t\t\t\t\t<div class=\"img-inner dark\" >\n\t\t\t<img loading=\"lazy\" decoding=\"async\" width=\"142\" height=\"142\" src=\"https:\/\/www.mayortraiteur.ch\/wp-content\/uploads\/2019\/05\/phone@2x.png\" class=\"attachment-original size-original\" alt=\"phone\" \/>\t\t\t\t\t\t\n\t\t\t\t\t<\/div>\n\t\t\t\t\t\t\t\t\n<style>\n#image_1171104470 {\n  width: 100%;\n}\n<\/style>\n\t<\/div>\n\t\r\n<h3>Par t\u00e9l\u00e9phone<\/h3>\r\nMob: +41 79 213 94 61\r\nT\u00e9l: +41 22 328 10 82\r\n\r\n\t\t<\/div>\n\t\t\t\t\t<\/div>\n\n\t\r\n\n\t<div id=\"col-89230381\" class=\"col medium-4 small-12 large-4\"  >\n\t\t\t\t<div class=\"col-inner\"  >\n\t\t\t\n\t\t\t\r\n\r\n\t<div class=\"img has-hover x md-x lg-x y md-y lg-y\" id=\"image_2118555813\">\n\t\t\t\t\t\t\t\t<div class=\"img-inner dark\" >\n\t\t\t<img loading=\"lazy\" decoding=\"async\" width=\"140\" height=\"140\" src=\"https:\/\/www.mayortraiteur.ch\/wp-content\/uploads\/2019\/05\/email@2x.png\" class=\"attachment-original size-original\" alt=\"email\" \/>\t\t\t\t\t\t\n\t\t\t\t\t<\/div>\n\t\t\t\t\t\t\t\t\n<style>\n#image_2118555813 {\n  width: 50%;\n}\n<\/style>\n\t<\/div>\n\t\r\n<h3>Par e-mail<\/h3>\r\n<a href=\"mailto:nawel@mayortraiteur.ch\">Cliquez-ici<\/a>\r\n\r\n\t\t<\/div>\n\t\t\t\t\t<\/div>\n\n\t\r\n\n\t<div id=\"col-1948570565\" class=\"col medium-4 small-12 large-4\"  >\n\t\t\t\t<div class=\"col-inner\"  >\n\t\t\t\n\t\t\t\r\n\r\n\t<div class=\"img has-hover x md-x lg-x y md-y lg-y\" id=\"image_536475397\">\n\t\t<a class=\"\" href=\"https:\/\/www.google.com\/maps\/place\/Mayor+Traiteur\/@46.1952592,6.1352694,17z\/data=!3m1!4b1!4m5!3m4!1s0x478c7b2a5c028e6b:0xd8520a804bc4a2d8!8m2!3d46.1952555!4d6.1374581\" target=\"_blank\" rel=\"noopener\" >\t\t\t\t\t\t<div class=\"img-inner dark\" >\n\t\t\t<img loading=\"lazy\" decoding=\"async\" width=\"140\" height=\"138\" src=\"https:\/\/www.mayortraiteur.ch\/wp-content\/uploads\/2019\/05\/address@2x.png\" class=\"attachment-original size-original\" alt=\"address\" \/>\t\t\t\t\t\t\n\t\t\t\t\t<\/div>\n\t\t\t\t\t\t<\/a>\t\t\n<style>\n#image_536475397 {\n  width: 50%;\n}\n<\/style>\n\t<\/div>\n\t\r\n\r\n&nbsp;\r\n<h3>Chez nous<\/h3>\r\nPassage Daniel Baud-Bovy, 14\r\nCH-1205 Gen\u00e8ve\r\n\r\n&nbsp;\r\n\r\n\t\t<\/div>\n\t\t\t\t\t<\/div>\n\n\t\r\n\r\n<\/div>\n\t\t<\/div>\n\n\t\t\n<style>\n#section_1487714617 {\n  padding-top: 30px;\n  padding-bottom: 30px;\n  background-color: rgb(12, 19, 27);\n}\n<\/style>\n\t<\/section>\n\t\n\n\t<section class=\"section dark\" id=\"section_1978796385\">\n\t\t<div class=\"section-bg fill\" >\n\t\t\t\t\t\t\t\t\t\n\t\t\t\n\n\t\t<\/div>\n\n\t\t\n\n\t\t<div class=\"section-content relative\">\n\t\t\t\n<div class=\"row contact-form\"  id=\"row-736897163\">\n\n\t<div id=\"col-219830295\" class=\"col small-12 large-12\"  >\n\t\t\t\t<div class=\"col-inner\"  >\n\t\t\t\n\t\t\t\n<div class=\"is-divider divider clearfix\" style=\"max-width:100%;height:1px;\"><\/div>\n\n<div class=\"wpcf7 no-js\" id=\"wpcf7-f28837-o1\" lang=\"fr-FR\" dir=\"ltr\" data-wpcf7-id=\"28837\">\n<div class=\"screen-reader-response\"><p role=\"status\" aria-live=\"polite\" aria-atomic=\"true\"><\/p> <ul><\/ul><\/div>\n<form action=\"\/en\/wp-json\/wp\/v2\/pages\/31271#wpcf7-f28837-o1\" method=\"post\" class=\"wpcf7-form init\" aria-label=\"Formulaire de contact\" novalidate=\"novalidate\" data-status=\"init\">\n<fieldset class=\"hidden-fields-container\"><input type=\"hidden\" name=\"_wpcf7\" value=\"28837\" \/><input type=\"hidden\" name=\"_wpcf7_version\" value=\"6.1.5\" \/><input type=\"hidden\" name=\"_wpcf7_locale\" value=\"fr_FR\" \/><input type=\"hidden\" name=\"_wpcf7_unit_tag\" value=\"wpcf7-f28837-o1\" \/><input type=\"hidden\" name=\"_wpcf7_container_post\" value=\"0\" \/><input type=\"hidden\" name=\"_wpcf7_posted_data_hash\" value=\"\" \/><input type=\"hidden\" name=\"_wpcf7_recaptcha_response\" value=\"\" \/>\n<\/fieldset>\n<h3>Nous sommes \u00e0 votre \u00e9coute pour discuter de votre projet\n<\/h3>\n<div class=\"row\">\n\t<div class=\"col medium-6 small-12 large-6\">\n\t\t<p><label>Nom (obligatoire) :<br \/>\n<span class=\"wpcf7-form-control-wrap\" data-name=\"your-name\"><input size=\"40\" maxlength=\"400\" class=\"wpcf7-form-control wpcf7-text wpcf7-validates-as-required\" aria-required=\"true\" aria-invalid=\"false\" placeholder=\"Entrez votre nom...\" value=\"\" type=\"text\" name=\"your-name\" \/><\/span><\/label>\n\t\t<\/p>\n\t<\/div>\n\t<div class=\"col medium-6 small-12 large-6\">\n\t\t<p><label> Email (obligatoire) :<br \/>\n<span class=\"wpcf7-form-control-wrap\" data-name=\"your-email\"><input size=\"40\" maxlength=\"400\" class=\"wpcf7-form-control wpcf7-email wpcf7-validates-as-required wpcf7-text wpcf7-validates-as-email\" aria-required=\"true\" aria-invalid=\"false\" placeholder=\"Entrez votre email...\" value=\"\" type=\"email\" name=\"your-email\" \/><\/span> <\/label>\n\t\t<\/p>\n\t<\/div>\n\t<div class=\"col medium-12 small-12 large-12\">\n\t\t<p><label> Votre demande (obligatoire) :<br \/>\n<span class=\"wpcf7-form-control-wrap\" data-name=\"your-message\"><textarea cols=\"40\" rows=\"10\" maxlength=\"2000\" class=\"wpcf7-form-control wpcf7-textarea wpcf7-validates-as-required\" aria-required=\"true\" aria-invalid=\"false\" placeholder=\"Entrez votre demande...\" name=\"your-message\"><\/textarea><\/span> <\/label>\n\t\t<\/p>\n\t<\/div>\n\t<div class=\"col medium-6 small-12 large-6\">\n\t\t<p><label> Date de votre \u00e9v\u00e8nement (obligatoire) : (jj\/mm\/aaaa)<br \/>\n<span class=\"wpcf7-form-control-wrap\" data-name=\"date-event\"><input class=\"wpcf7-form-control wpcf7-date wpcf7-validates-as-required wpcf7-validates-as-date\" aria-required=\"true\" aria-invalid=\"false\" placeholder=\"Entrez votre \u00e9v\u00e8nement...\" value=\"\" type=\"date\" name=\"date-event\" \/><\/span> <\/label>\n\t\t<\/p>\n\t<\/div>\n\t<div class=\"col medium-6 small-12 large-6\">\n\t\t<p><label>Nombre de personnes (obligatoire) :<br \/>\n<span class=\"wpcf7-form-control-wrap\" data-name=\"personne\"><input size=\"40\" maxlength=\"400\" class=\"wpcf7-form-control wpcf7-text wpcf7-validates-as-required\" aria-required=\"true\" aria-invalid=\"false\" placeholder=\"Entrez nombre de personnes...\" value=\"\" type=\"text\" name=\"personne\" \/><\/span><\/label>\n\t\t<\/p>\n\t<\/div>\n\t<div class=\"col medium-6 small-12 large-6\">\n\t\t<p><label>T\u00e9l\u00e9phone (obligatoire) :<br \/>\n<span class=\"wpcf7-form-control-wrap\" data-name=\"phone\"><input size=\"40\" maxlength=\"400\" class=\"wpcf7-form-control wpcf7-text wpcf7-validates-as-required\" aria-required=\"true\" aria-invalid=\"false\" placeholder=\"Entrez votre t\u00e9l\u00e9phone...\" value=\"\" type=\"text\" name=\"phone\" \/><\/span><\/label>\n\t\t<\/p>\n\t<\/div>\n\t<div class=\"col medium-6 small-12 large-6\">\n\t\t<p><label>Lieu de l'\u00e9v\u00e8nement (obligatoire) :<br \/>\n<span class=\"wpcf7-form-control-wrap\" data-name=\"lieu\"><input size=\"40\" maxlength=\"400\" class=\"wpcf7-form-control wpcf7-text wpcf7-validates-as-required\" aria-required=\"true\" aria-invalid=\"false\" placeholder=\"Entrez lieu de l&#039;\u00e9v\u00e8nement...\" value=\"\" type=\"text\" name=\"lieu\" \/><\/span><\/label>\n\t\t<\/p>\n\t<\/div>\n\t<div class=\"col medium-6 small-12 large-6\">\n\t\t<p><input class=\"wpcf7-form-control wpcf7-submit has-spinner\" type=\"submit\" value=\"Envoyer\" \/>\n\t\t<\/p>\n\t<\/div>\n<\/div><div class=\"wpcf7-response-output\" aria-hidden=\"true\"><\/div>\n<\/form>\n<\/div>\n\n\t\t<\/div>\n\t\t\t\t\t<\/div>\n\n\t\n<\/div>\n\t\t<\/div>\n\n\t\t\n<style>\n#section_1978796385 {\n  padding-top: 0px;\n  padding-bottom: 0px;\n  background-color: rgb(12, 19, 27);\n}\n<\/style>\n\t<\/section>\n\t\n","protected":false},"excerpt":{"rendered":"","protected":false},"author":0,"featured_media":0,"parent":0,"menu_order":0,"comment_status":"closed","ping_status":"closed","template":"page-blank.php","meta":{"footnotes":""},"class_list":["post-31271","page","type-page","status-publish","hentry"],"yoast_head":"<!-- This site is optimized with the Yoast SEO plugin v27.3 - https:\/\/yoast.com\/product\/yoast-seo-wordpress\/ -->\n<title>CONTACT - Mayor Traiteur<\/title>\n<meta name=\"description\" content=\"CONTACT - De la conception \u00e0 la r\u00e9alisation, \u00e0 votre \u00e9coute en proposant une cuisine authentique, gourmande, respectueuse des produits, s\u00e9lectionn\u00e9s localement.\" \/>\n<meta name=\"robots\" content=\"index, follow, max-snippet:-1, max-image-preview:large, max-video-preview:-1\" \/>\n<link rel=\"canonical\" href=\"https:\/\/www.mayortraiteur.ch\/staging\/en\/contact\/\" \/>\n<meta property=\"og:locale\" content=\"en_US\" \/>\n<meta property=\"og:type\" content=\"article\" \/>\n<meta property=\"og:title\" content=\"CONTACT - Mayor Traiteur\" \/>\n<meta property=\"og:description\" content=\"CONTACT - De la conception \u00e0 la r\u00e9alisation, \u00e0 votre \u00e9coute en proposant une cuisine authentique, gourmande, respectueuse des produits, s\u00e9lectionn\u00e9s localement.\" \/>\n<meta property=\"og:url\" content=\"https:\/\/www.mayortraiteur.ch\/staging\/en\/contact\/\" \/>\n<meta property=\"og:site_name\" content=\"Mayor Traiteur\" \/>\n<meta property=\"article:publisher\" content=\"https:\/\/www.facebook.com\/mayortraiteur.ch\/\" \/>\n<meta property=\"article:modified_time\" content=\"2026-03-13T12:08:17+00:00\" \/>\n<meta property=\"og:image\" content=\"https:\/\/www.mayortraiteur.ch\/wp-content\/uploads\/2026\/03\/katerinakubatina250500431-scaled.jpg\" \/>\n\t<meta property=\"og:image:width\" content=\"2560\" \/>\n\t<meta property=\"og:image:height\" content=\"1709\" \/>\n\t<meta property=\"og:image:type\" content=\"image\/jpeg\" \/>\n<meta name=\"twitter:card\" content=\"summary_large_image\" \/>\n<script type=\"application\/ld+json\" class=\"yoast-schema-graph\">{\"@context\":\"https:\\\/\\\/schema.org\",\"@graph\":[{\"@type\":\"WebPage\",\"@id\":\"https:\\\/\\\/www.mayortraiteur.ch\\\/staging\\\/en\\\/contact\\\/\",\"url\":\"https:\\\/\\\/www.mayortraiteur.ch\\\/staging\\\/en\\\/contact\\\/\",\"name\":\"CONTACT - Mayor Traiteur\",\"isPartOf\":{\"@id\":\"https:\\\/\\\/www.mayortraiteur.ch\\\/#website\"},\"datePublished\":\"2017-02-16T08:17:12+00:00\",\"dateModified\":\"2026-03-13T12:08:17+00:00\",\"description\":\"CONTACT - De la conception \u00e0 la r\u00e9alisation, \u00e0 votre \u00e9coute en proposant une cuisine authentique, gourmande, respectueuse des produits, s\u00e9lectionn\u00e9s localement.\",\"breadcrumb\":{\"@id\":\"https:\\\/\\\/www.mayortraiteur.ch\\\/staging\\\/en\\\/contact\\\/#breadcrumb\"},\"inLanguage\":\"en-US\",\"potentialAction\":[{\"@type\":\"ReadAction\",\"target\":[\"https:\\\/\\\/www.mayortraiteur.ch\\\/staging\\\/en\\\/contact\\\/\"]}]},{\"@type\":\"BreadcrumbList\",\"@id\":\"https:\\\/\\\/www.mayortraiteur.ch\\\/staging\\\/en\\\/contact\\\/#breadcrumb\",\"itemListElement\":[{\"@type\":\"ListItem\",\"position\":1,\"name\":\"Accueil\",\"item\":\"https:\\\/\\\/www.mayortraiteur.ch\\\/staging\\\/\"},{\"@type\":\"ListItem\",\"position\":2,\"name\":\"CONTACT\"}]},{\"@type\":\"WebSite\",\"@id\":\"https:\\\/\\\/www.mayortraiteur.ch\\\/#website\",\"url\":\"https:\\\/\\\/www.mayortraiteur.ch\\\/\",\"name\":\"Mayor Traiteur\",\"description\":\"Food &amp; Design\",\"publisher\":{\"@id\":\"https:\\\/\\\/www.mayortraiteur.ch\\\/#organization\"},\"potentialAction\":[{\"@type\":\"SearchAction\",\"target\":{\"@type\":\"EntryPoint\",\"urlTemplate\":\"https:\\\/\\\/www.mayortraiteur.ch\\\/?s={search_term_string}\"},\"query-input\":{\"@type\":\"PropertyValueSpecification\",\"valueRequired\":true,\"valueName\":\"search_term_string\"}}],\"inLanguage\":\"en-US\"},{\"@type\":\"Organization\",\"@id\":\"https:\\\/\\\/www.mayortraiteur.ch\\\/#organization\",\"name\":\"Mayor Traiteur\",\"url\":\"https:\\\/\\\/www.mayortraiteur.ch\\\/\",\"logo\":{\"@type\":\"ImageObject\",\"inLanguage\":\"en-US\",\"@id\":\"https:\\\/\\\/www.mayortraiteur.ch\\\/#\\\/schema\\\/logo\\\/image\\\/\",\"url\":\"https:\\\/\\\/www.mayortraiteur.ch\\\/wp-content\\\/uploads\\\/2019\\\/05\\\/logo.png\",\"contentUrl\":\"https:\\\/\\\/www.mayortraiteur.ch\\\/wp-content\\\/uploads\\\/2019\\\/05\\\/logo.png\",\"width\":123,\"height\":100,\"caption\":\"Mayor Traiteur\"},\"image\":{\"@id\":\"https:\\\/\\\/www.mayortraiteur.ch\\\/#\\\/schema\\\/logo\\\/image\\\/\"},\"sameAs\":[\"https:\\\/\\\/www.facebook.com\\\/mayortraiteur.ch\\\/\"]}]}<\/script>\n<!-- \/ Yoast SEO plugin. -->","yoast_head_json":{"title":"CONTACT - Mayor Traiteur","description":"CONTACT - De la conception \u00e0 la r\u00e9alisation, \u00e0 votre \u00e9coute en proposant une cuisine authentique, gourmande, respectueuse des produits, s\u00e9lectionn\u00e9s localement.","robots":{"index":"index","follow":"follow","max-snippet":"max-snippet:-1","max-image-preview":"max-image-preview:large","max-video-preview":"max-video-preview:-1"},"canonical":"https:\/\/www.mayortraiteur.ch\/staging\/en\/contact\/","og_locale":"en_US","og_type":"article","og_title":"CONTACT - Mayor Traiteur","og_description":"CONTACT - De la conception \u00e0 la r\u00e9alisation, \u00e0 votre \u00e9coute en proposant une cuisine authentique, gourmande, respectueuse des produits, s\u00e9lectionn\u00e9s localement.","og_url":"https:\/\/www.mayortraiteur.ch\/staging\/en\/contact\/","og_site_name":"Mayor Traiteur","article_publisher":"https:\/\/www.facebook.com\/mayortraiteur.ch\/","article_modified_time":"2026-03-13T12:08:17+00:00","og_image":[{"width":2560,"height":1709,"url":"https:\/\/www.mayortraiteur.ch\/wp-content\/uploads\/2026\/03\/katerinakubatina250500431-scaled.jpg","type":"image\/jpeg"}],"twitter_card":"summary_large_image","schema":{"@context":"https:\/\/schema.org","@graph":[{"@type":"WebPage","@id":"https:\/\/www.mayortraiteur.ch\/staging\/en\/contact\/","url":"https:\/\/www.mayortraiteur.ch\/staging\/en\/contact\/","name":"CONTACT - Mayor Traiteur","isPartOf":{"@id":"https:\/\/www.mayortraiteur.ch\/#website"},"datePublished":"2017-02-16T08:17:12+00:00","dateModified":"2026-03-13T12:08:17+00:00","description":"CONTACT - De la conception \u00e0 la r\u00e9alisation, \u00e0 votre \u00e9coute en proposant une cuisine authentique, gourmande, respectueuse des produits, s\u00e9lectionn\u00e9s localement.","breadcrumb":{"@id":"https:\/\/www.mayortraiteur.ch\/staging\/en\/contact\/#breadcrumb"},"inLanguage":"en-US","potentialAction":[{"@type":"ReadAction","target":["https:\/\/www.mayortraiteur.ch\/staging\/en\/contact\/"]}]},{"@type":"BreadcrumbList","@id":"https:\/\/www.mayortraiteur.ch\/staging\/en\/contact\/#breadcrumb","itemListElement":[{"@type":"ListItem","position":1,"name":"Accueil","item":"https:\/\/www.mayortraiteur.ch\/staging\/"},{"@type":"ListItem","position":2,"name":"CONTACT"}]},{"@type":"WebSite","@id":"https:\/\/www.mayortraiteur.ch\/#website","url":"https:\/\/www.mayortraiteur.ch\/","name":"Mayor Traiteur","description":"Food &amp; Design","publisher":{"@id":"https:\/\/www.mayortraiteur.ch\/#organization"},"potentialAction":[{"@type":"SearchAction","target":{"@type":"EntryPoint","urlTemplate":"https:\/\/www.mayortraiteur.ch\/?s={search_term_string}"},"query-input":{"@type":"PropertyValueSpecification","valueRequired":true,"valueName":"search_term_string"}}],"inLanguage":"en-US"},{"@type":"Organization","@id":"https:\/\/www.mayortraiteur.ch\/#organization","name":"Mayor Traiteur","url":"https:\/\/www.mayortraiteur.ch\/","logo":{"@type":"ImageObject","inLanguage":"en-US","@id":"https:\/\/www.mayortraiteur.ch\/#\/schema\/logo\/image\/","url":"https:\/\/www.mayortraiteur.ch\/wp-content\/uploads\/2019\/05\/logo.png","contentUrl":"https:\/\/www.mayortraiteur.ch\/wp-content\/uploads\/2019\/05\/logo.png","width":123,"height":100,"caption":"Mayor Traiteur"},"image":{"@id":"https:\/\/www.mayortraiteur.ch\/#\/schema\/logo\/image\/"},"sameAs":["https:\/\/www.facebook.com\/mayortraiteur.ch\/"]}]}},"_links":{"self":[{"href":"https:\/\/www.mayortraiteur.ch\/en\/wp-json\/wp\/v2\/pages\/31271","targetHints":{"allow":["GET"]}}],"collection":[{"href":"https:\/\/www.mayortraiteur.ch\/en\/wp-json\/wp\/v2\/pages"}],"about":[{"href":"https:\/\/www.mayortraiteur.ch\/en\/wp-json\/wp\/v2\/types\/page"}],"replies":[{"embeddable":true,"href":"https:\/\/www.mayortraiteur.ch\/en\/wp-json\/wp\/v2\/comments?post=31271"}],"version-history":[{"count":2,"href":"https:\/\/www.mayortraiteur.ch\/en\/wp-json\/wp\/v2\/pages\/31271\/revisions"}],"predecessor-version":[{"id":31273,"href":"https:\/\/www.mayortraiteur.ch\/en\/wp-json\/wp\/v2\/pages\/31271\/revisions\/31273"}],"wp:attachment":[{"href":"https:\/\/www.mayortraiteur.ch\/en\/wp-json\/wp\/v2\/media?parent=31271"}],"curies":[{"name":"wp","href":"https:\/\/api.w.org\/{rel}","templated":true}]}}